{"id":55,"date":"2026-02-19T00:36:34","date_gmt":"2026-02-19T00:36:34","guid":{"rendered":"https:\/\/diedrichsen-consulting.com\/impressum\/"},"modified":"2026-02-20T13:03:05","modified_gmt":"2026-02-20T13:03:05","slug":"impressum","status":"publish","type":"page","link":"https:\/\/diedrichsen-consulting.com\/en\/impressum\/","title":{"rendered":"Legal notice"},"content":{"rendered":"<div class=\"wp-block-group alignfull is-style-ext-preset--group--natural-1--section has-background-background-color has-background has-global-padding is-layout-constrained wp-container-core-group-is-layout-6150fac0 wp-block-group-is-layout-constrained\" style=\"margin-top:0;margin-bottom:0;padding-top:var(--wp--preset--spacing--70);padding-bottom:var(--wp--preset--spacing--70)\">\n<p> <strong>Website-Betreiber:<\/strong><br> Diedrichsen Consulting<br> Bernhardstra\u00dfe 15<br> 04315 Leipzig<br> Deutschland<br><br> <strong>Kontaktinformationen:<\/strong><br> Telefon: +49 172 4674635<br> E-Mail: diedrichsen.consulting@gmail.com<br> Website: https:\/\/diedrichsen-consulting.com<br><br> <strong>Vertretungsberechtigte Person:<\/strong><br> Noah Cedric Diedrichsen<\/p>\n\n\n\n<p><\/p>\n\n\n\n<p><strong>Gesetzliche Pflichtinformation zur Buchhaltung:<\/strong><br>Die angebotenen Dienstleistungen im Bereich der Buchhaltung umfassen ausschlie\u00dflich das Buchen laufender Gesch\u00e4ftsvorf\u00e4lle, die laufende Lohnabrechnung sowie das Fertigen der Lohnsteuer-Anmeldungen gem\u00e4\u00df \u00a7 6 Nr. 3 und 4 des Steuerberatungsgesetzes (StBerG). Es findet keine Steuerberatung statt.<\/p>\n\n\n\n<p><br> <strong>Unternehmensregistrierung:<\/strong><br> St-ID: ((UMSATZSTEUER-ID))<br><br> <strong>Letzte Aktualisierung:<\/strong><br> 20.02.2026<\/p>\n<\/div>","protected":false},"excerpt":{"rendered":"<p>Website-Betreiber: Diedrichsen Consulting Bernhardstra\u00dfe 15 04315 Leipzig Deutschland Kontaktinformationen: Telefon: +49 172 4674635 E-Mail: diedrichsen.consulting@gmail.com Website: https:\/\/diedrichsen-consulting.com Vertretungsberechtigte Person: Noah Cedric Diedrichsen Gesetzliche Pflichtinformation zur Buchhaltung:Die angebotenen Dienstleistungen im Bereich der Buchhaltung umfassen ausschlie\u00dflich das Buchen laufender Gesch\u00e4ftsvorf\u00e4lle, die laufende Lohnabrechnung sowie das Fertigen der Lohnsteuer-Anmeldungen gem\u00e4\u00df \u00a7 6 Nr. 3 und 4 des Steuerberatungsgesetzes [&hellip;]<\/p>\n","protected":false},"author":1,"featured_media":0,"parent":0,"menu_order":0,"comment_status":"closed","ping_status":"closed","template":"page-with-title","meta":{"_joinchat":[],"footnotes":""},"class_list":["post-55","page","type-page","status-publish","hentry"],"yoast_head":"<!-- This site is optimized with the Yoast SEO plugin v27.4 - https:\/\/yoast.com\/product\/yoast-seo-wordpress\/ -->\n<title>Impressum - Diedrichsen Consulting<\/title>\n<meta name=\"robots\" content=\"index, follow, max-snippet:-1, max-image-preview:large, max-video-preview:-1\" \/>\n<link rel=\"canonical\" href=\"https:\/\/diedrichsen-consulting.com\/en\/impressum\/\" \/>\n<meta property=\"og:locale\" content=\"en_US\" \/>\n<meta property=\"og:type\" content=\"article\" \/>\n<meta property=\"og:title\" content=\"Impressum - Diedrichsen Consulting\" \/>\n<meta property=\"og:description\" content=\"Website-Betreiber: Diedrichsen Consulting Bernhardstra\u00dfe 15 04315 Leipzig Deutschland Kontaktinformationen: Telefon: +49 172 4674635 E-Mail: diedrichsen.consulting@gmail.com Website: https:\/\/diedrichsen-consulting.com Vertretungsberechtigte Person: Noah Cedric Diedrichsen Gesetzliche Pflichtinformation zur Buchhaltung:Die angebotenen Dienstleistungen im Bereich der Buchhaltung umfassen ausschlie\u00dflich das Buchen laufender Gesch\u00e4ftsvorf\u00e4lle, die laufende Lohnabrechnung sowie das Fertigen der Lohnsteuer-Anmeldungen gem\u00e4\u00df \u00a7 6 Nr. 3 und 4 des Steuerberatungsgesetzes [&hellip;]\" \/>\n<meta property=\"og:url\" content=\"https:\/\/diedrichsen-consulting.com\/en\/impressum\/\" \/>\n<meta property=\"og:site_name\" content=\"Diedrichsen Consulting\" \/>\n<meta property=\"article:modified_time\" content=\"2026-02-20T13:03:05+00:00\" \/>\n<meta name=\"twitter:card\" content=\"summary_large_image\" \/>\n<meta name=\"twitter:label1\" content=\"Est. reading time\" \/>\n\t<meta name=\"twitter:data1\" content=\"1 minute\" \/>\n<script type=\"application\/ld+json\" class=\"yoast-schema-graph\">{\"@context\":\"https:\\\/\\\/schema.org\",\"@graph\":[{\"@type\":\"WebPage\",\"@id\":\"https:\\\/\\\/diedrichsen-consulting.com\\\/impressum\\\/\",\"url\":\"https:\\\/\\\/diedrichsen-consulting.com\\\/impressum\\\/\",\"name\":\"Impressum - Diedrichsen Consulting\",\"isPartOf\":{\"@id\":\"https:\\\/\\\/diedrichsen-unternehmensberatung-wkwych5bmp.live-website.com\\\/#website\"},\"datePublished\":\"2026-02-19T00:36:34+00:00\",\"dateModified\":\"2026-02-20T13:03:05+00:00\",\"breadcrumb\":{\"@id\":\"https:\\\/\\\/diedrichsen-consulting.com\\\/impressum\\\/#breadcrumb\"},\"inLanguage\":\"en-US\",\"potentialAction\":[{\"@type\":\"ReadAction\",\"target\":[\"https:\\\/\\\/diedrichsen-consulting.com\\\/impressum\\\/\"]}]},{\"@type\":\"BreadcrumbList\",\"@id\":\"https:\\\/\\\/diedrichsen-consulting.com\\\/impressum\\\/#breadcrumb\",\"itemListElement\":[{\"@type\":\"ListItem\",\"position\":1,\"name\":\"Start\",\"item\":\"https:\\\/\\\/diedrichsen-consulting.com\\\/\"},{\"@type\":\"ListItem\",\"position\":2,\"name\":\"Impressum\"}]},{\"@type\":\"WebSite\",\"@id\":\"https:\\\/\\\/diedrichsen-unternehmensberatung-wkwych5bmp.live-website.com\\\/#website\",\"url\":\"https:\\\/\\\/diedrichsen-unternehmensberatung-wkwych5bmp.live-website.com\\\/\",\"name\":\"Diedrichsen Consulting\",\"description\":\"Eine andere WordPress-Site.\",\"potentialAction\":[{\"@type\":\"SearchAction\",\"target\":{\"@type\":\"EntryPoint\",\"urlTemplate\":\"https:\\\/\\\/diedrichsen-unternehmensberatung-wkwych5bmp.live-website.com\\\/?s={search_term_string}\"},\"query-input\":{\"@type\":\"PropertyValueSpecification\",\"valueRequired\":true,\"valueName\":\"search_term_string\"}}],\"inLanguage\":\"en-US\"}]}<\/script>\n<!-- \/ Yoast SEO plugin. -->","yoast_head_json":{"title":"Impressum - Diedrichsen Consulting","robots":{"index":"index","follow":"follow","max-snippet":"max-snippet:-1","max-image-preview":"max-image-preview:large","max-video-preview":"max-video-preview:-1"},"canonical":"https:\/\/diedrichsen-consulting.com\/en\/impressum\/","og_locale":"en_US","og_type":"article","og_title":"Impressum - Diedrichsen Consulting","og_description":"Website-Betreiber: Diedrichsen Consulting Bernhardstra\u00dfe 15 04315 Leipzig Deutschland Kontaktinformationen: Telefon: +49 172 4674635 E-Mail: diedrichsen.consulting@gmail.com Website: https:\/\/diedrichsen-consulting.com Vertretungsberechtigte Person: Noah Cedric Diedrichsen Gesetzliche Pflichtinformation zur Buchhaltung:Die angebotenen Dienstleistungen im Bereich der Buchhaltung umfassen ausschlie\u00dflich das Buchen laufender Gesch\u00e4ftsvorf\u00e4lle, die laufende Lohnabrechnung sowie das Fertigen der Lohnsteuer-Anmeldungen gem\u00e4\u00df \u00a7 6 Nr. 3 und 4 des Steuerberatungsgesetzes [&hellip;]","og_url":"https:\/\/diedrichsen-consulting.com\/en\/impressum\/","og_site_name":"Diedrichsen Consulting","article_modified_time":"2026-02-20T13:03:05+00:00","twitter_card":"summary_large_image","twitter_misc":{"Est. reading time":"1 minute"},"schema":{"@context":"https:\/\/schema.org","@graph":[{"@type":"WebPage","@id":"https:\/\/diedrichsen-consulting.com\/impressum\/","url":"https:\/\/diedrichsen-consulting.com\/impressum\/","name":"Impressum - Diedrichsen Consulting","isPartOf":{"@id":"https:\/\/diedrichsen-unternehmensberatung-wkwych5bmp.live-website.com\/#website"},"datePublished":"2026-02-19T00:36:34+00:00","dateModified":"2026-02-20T13:03:05+00:00","breadcrumb":{"@id":"https:\/\/diedrichsen-consulting.com\/impressum\/#breadcrumb"},"inLanguage":"en-US","potentialAction":[{"@type":"ReadAction","target":["https:\/\/diedrichsen-consulting.com\/impressum\/"]}]},{"@type":"BreadcrumbList","@id":"https:\/\/diedrichsen-consulting.com\/impressum\/#breadcrumb","itemListElement":[{"@type":"ListItem","position":1,"name":"Start","item":"https:\/\/diedrichsen-consulting.com\/"},{"@type":"ListItem","position":2,"name":"Impressum"}]},{"@type":"WebSite","@id":"https:\/\/diedrichsen-unternehmensberatung-wkwych5bmp.live-website.com\/#website","url":"https:\/\/diedrichsen-unternehmensberatung-wkwych5bmp.live-website.com\/","name":"Diedrichsen Consulting","description":"Eine andere WordPress-Site.","potentialAction":[{"@type":"SearchAction","target":{"@type":"EntryPoint","urlTemplate":"https:\/\/diedrichsen-unternehmensberatung-wkwych5bmp.live-website.com\/?s={search_term_string}"},"query-input":{"@type":"PropertyValueSpecification","valueRequired":true,"valueName":"search_term_string"}}],"inLanguage":"en-US"}]}},"_links":{"self":[{"href":"https:\/\/diedrichsen-consulting.com\/en\/wp-json\/wp\/v2\/pages\/55","targetHints":{"allow":["GET"]}}],"collection":[{"href":"https:\/\/diedrichsen-consulting.com\/en\/wp-json\/wp\/v2\/pages"}],"about":[{"href":"https:\/\/diedrichsen-consulting.com\/en\/wp-json\/wp\/v2\/types\/page"}],"author":[{"embeddable":true,"href":"https:\/\/diedrichsen-consulting.com\/en\/wp-json\/wp\/v2\/users\/1"}],"replies":[{"embeddable":true,"href":"https:\/\/diedrichsen-consulting.com\/en\/wp-json\/wp\/v2\/comments?post=55"}],"version-history":[{"count":31,"href":"https:\/\/diedrichsen-consulting.com\/en\/wp-json\/wp\/v2\/pages\/55\/revisions"}],"predecessor-version":[{"id":173,"href":"https:\/\/diedrichsen-consulting.com\/en\/wp-json\/wp\/v2\/pages\/55\/revisions\/173"}],"wp:attachment":[{"href":"https:\/\/diedrichsen-consulting.com\/en\/wp-json\/wp\/v2\/media?parent=55"}],"curies":[{"name":"wp","href":"https:\/\/api.w.org\/{rel}","templated":true}]}}