{"id":34,"date":"2026-02-19T00:35:58","date_gmt":"2026-02-19T00:35:58","guid":{"rendered":"https:\/\/diedrichsen-consulting.com\/portfolio\/"},"modified":"2026-03-07T22:17:44","modified_gmt":"2026-03-07T22:17:44","slug":"portfolio","status":"publish","type":"page","link":"https:\/\/diedrichsen-consulting.com\/en\/portfolio\/","title":{"rendered":"Portfolio"},"content":{"rendered":"<div class=\"wp-block-group alignfull is-style-ext-preset--group--natural-1--section has-background-background-color has-background has-global-padding is-layout-constrained wp-block-group-is-layout-constrained\" id=\"ueber-uns\" style=\"margin-top:0;margin-bottom:0;padding-top:var(--wp--preset--spacing--70);padding-bottom:var(--wp--preset--spacing--70)\">\n<div class=\"wp-block-columns alignwide are-vertically-aligned-center is-layout-flex wp-container-core-columns-is-layout-174606dc wp-block-columns-is-layout-flex\">\n<div class=\"wp-block-column is-vertically-aligned-center is-layout-flow wp-block-column-is-layout-flow\">\n<div class=\"wp-block-group alignwide is-vertical is-layout-flex wp-container-core-group-is-layout-c35747d5 wp-block-group-is-layout-flex\">\n<div class=\"wp-block-group has-global-padding is-layout-constrained wp-container-core-group-is-layout-dd32767c wp-block-group-is-layout-constrained\">\n<h2 class=\"wp-block-heading\">Spezialisierte Beratung f\u00fcr Gr\u00fcnder &amp; Unternehmer <\/h2>\n\n\n\n<p>Wir unterst\u00fctzen Gr\u00fcnder &amp; Unternehmer mit ma\u00dfgeschneiderten L\u00f6sungen zur Umsatzsteigerung, Prozessoptimierung sowie deiner online Pr\u00e4senz. <\/p>\n<\/div>\n<\/div>\n<\/div>\n\n\n\n<div class=\"wp-block-column is-vertically-aligned-center is-layout-flow wp-block-column-is-layout-flow\">\n<figure class=\"wp-block-image is-style-ext-preset--image--natural-1--image-1--content-left is-style-ext-preset--image--natural-1--image-1--content-left--2\"><img loading=\"lazy\" decoding=\"async\" width=\"1024\" height=\"1024\" src=\"https:\/\/diedrichsen-consulting.com\/wp-content\/uploads\/2026\/03\/image.jpg\" alt=\"\" class=\"wp-image-220\" style=\"aspect-ratio:1;object-fit:cover\" srcset=\"https:\/\/diedrichsen-consulting.com\/wp-content\/uploads\/2026\/03\/image.jpg 1024w, https:\/\/diedrichsen-consulting.com\/wp-content\/uploads\/2026\/03\/image-300x300.jpg 300w, https:\/\/diedrichsen-consulting.com\/wp-content\/uploads\/2026\/03\/image-150x150.jpg 150w, https:\/\/diedrichsen-consulting.com\/wp-content\/uploads\/2026\/03\/image-768x768.jpg 768w, https:\/\/diedrichsen-consulting.com\/wp-content\/uploads\/2026\/03\/image-12x12.jpg 12w\" sizes=\"auto, (max-width: 1024px) 100vw, 1024px\" \/><\/figure>\n<\/div>\n<\/div>\n<\/div>\n\n\n\n<div class=\"wp-block-group alignfull is-style-ext-preset--group--natural-1--section has-tertiary-background-color has-background has-global-padding is-layout-constrained wp-container-core-group-is-layout-e955bbaf wp-block-group-is-layout-constrained\" id=\"funktionen\" style=\"margin-top:0;margin-bottom:0;padding-top:var(--wp--preset--spacing--70);padding-bottom:var(--wp--preset--spacing--70)\">\n<div class=\"wp-block-columns alignwide is-layout-flex wp-container-core-columns-is-layout-87beb0d0 wp-block-columns-is-layout-flex\">\n<div class=\"wp-block-column is-vertically-aligned-stretch is-layout-flow wp-container-core-column-is-layout-119bc444 wp-block-column-is-layout-flow\">\n<div class=\"wp-block-media-text is-stacked-on-mobile is-image-fill-element is-style-ext-preset--media-text--natural-1--card-1 has-background-background-color has-background is-style-ext-preset--media-text--natural-1--card-1--4\"><figure class=\"wp-block-media-text__media\"><img loading=\"lazy\" decoding=\"async\" width=\"1440\" height=\"961\" src=\"https:\/\/diedrichsen-consulting.com\/wp-content\/uploads\/2026\/02\/fcf0ab7a969f1842f36a81830ade200acc11ca77.jpg\" alt=\"\" class=\"wp-image-102 size-full\" style=\"object-position:50% 50%\" srcset=\"https:\/\/diedrichsen-consulting.com\/wp-content\/uploads\/2026\/02\/fcf0ab7a969f1842f36a81830ade200acc11ca77.jpg 1440w, https:\/\/diedrichsen-consulting.com\/wp-content\/uploads\/2026\/02\/fcf0ab7a969f1842f36a81830ade200acc11ca77-300x200.jpg 300w, https:\/\/diedrichsen-consulting.com\/wp-content\/uploads\/2026\/02\/fcf0ab7a969f1842f36a81830ade200acc11ca77-1024x683.jpg 1024w, https:\/\/diedrichsen-consulting.com\/wp-content\/uploads\/2026\/02\/fcf0ab7a969f1842f36a81830ade200acc11ca77-768x513.jpg 768w, https:\/\/diedrichsen-consulting.com\/wp-content\/uploads\/2026\/02\/fcf0ab7a969f1842f36a81830ade200acc11ca77-18x12.jpg 18w\" sizes=\"auto, (max-width: 1440px) 100vw, 1440px\" \/><\/figure><div class=\"wp-block-media-text__content\">\n<div class=\"wp-block-group is-style-default has-global-padding is-layout-constrained wp-container-core-group-is-layout-9a7b35d3 wp-block-group-is-layout-constrained\" style=\"padding-top:var(--wp--preset--spacing--40);padding-right:var(--wp--preset--spacing--30);padding-bottom:var(--wp--preset--spacing--40);padding-left:var(--wp--preset--spacing--30)\">\n<h3 class=\"wp-block-heading\" style=\"font-size:clamp(15.747px, 0.984rem + ((1vw - 3.2px) * 0.86), 24px);\">Speisekaten Analyse<\/h3>\n\n\n\n<p class=\"has-small-font-size\">Wir unterst\u00fctzen Dich bei der Optimierung der Speisekarte f\u00fcr mehr Gewinn und h\u00f6here Kundenzufriedenheit.<\/p>\n<\/div>\n<\/div><\/div>\n<\/div>\n\n\n\n<div class=\"wp-block-column is-vertically-aligned-stretch is-layout-flow wp-container-core-column-is-layout-119bc444 wp-block-column-is-layout-flow\">\n<div class=\"wp-block-media-text is-stacked-on-mobile is-image-fill-element is-style-ext-preset--media-text--natural-1--card-1 has-background-background-color has-background is-style-ext-preset--media-text--natural-1--card-1--5\" style=\"grid-template-columns:45% auto\"><figure class=\"wp-block-media-text__media\"><img loading=\"lazy\" decoding=\"async\" width=\"1024\" height=\"1024\" src=\"https:\/\/diedrichsen-consulting.com\/wp-content\/uploads\/2026\/03\/2026-03-07-20-56-21-f7a328db-3462-47a2-9062-191166470c18.png\" alt=\"\" class=\"wp-image-249 size-full\" style=\"object-position:53% 71%\" srcset=\"https:\/\/diedrichsen-consulting.com\/wp-content\/uploads\/2026\/03\/2026-03-07-20-56-21-f7a328db-3462-47a2-9062-191166470c18.png 1024w, https:\/\/diedrichsen-consulting.com\/wp-content\/uploads\/2026\/03\/2026-03-07-20-56-21-f7a328db-3462-47a2-9062-191166470c18-300x300.png 300w, https:\/\/diedrichsen-consulting.com\/wp-content\/uploads\/2026\/03\/2026-03-07-20-56-21-f7a328db-3462-47a2-9062-191166470c18-150x150.png 150w, https:\/\/diedrichsen-consulting.com\/wp-content\/uploads\/2026\/03\/2026-03-07-20-56-21-f7a328db-3462-47a2-9062-191166470c18-768x768.png 768w, https:\/\/diedrichsen-consulting.com\/wp-content\/uploads\/2026\/03\/2026-03-07-20-56-21-f7a328db-3462-47a2-9062-191166470c18-12x12.png 12w\" sizes=\"auto, (max-width: 1024px) 100vw, 1024px\" \/><\/figure><div class=\"wp-block-media-text__content\">\n<div class=\"wp-block-group is-style-default has-global-padding is-layout-constrained wp-container-core-group-is-layout-9a7b35d3 wp-block-group-is-layout-constrained\" style=\"padding-top:var(--wp--preset--spacing--40);padding-right:var(--wp--preset--spacing--30);padding-bottom:var(--wp--preset--spacing--40);padding-left:var(--wp--preset--spacing--30)\">\n<h3 class=\"wp-block-heading\" style=\"font-size:clamp(15.747px, 0.984rem + ((1vw - 3.2px) * 0.86), 24px);\">Social Media<\/h3>\n\n\n\n<p class=\"has-small-font-size\">Wir helfen Dir deine Online Pr\u00e4senz aufzubauen und\/oder zu optimieren.<\/p>\n<\/div>\n<\/div><\/div>\n<\/div>\n<\/div>\n\n\n\n<div class=\"wp-block-columns alignwide is-layout-flex wp-container-core-columns-is-layout-e12f0bcd wp-block-columns-is-layout-flex\" style=\"margin-top:var(--wp--preset--spacing--30)\">\n<div class=\"wp-block-column is-layout-flow wp-container-core-column-is-layout-119bc444 wp-block-column-is-layout-flow\">\n<div class=\"wp-block-media-text is-stacked-on-mobile is-image-fill-element is-style-ext-preset--media-text--natural-1--card-1 has-background-background-color has-background is-style-ext-preset--media-text--natural-1--card-1--6\"><figure class=\"wp-block-media-text__media\"><img loading=\"lazy\" decoding=\"async\" width=\"1440\" height=\"1050\" src=\"https:\/\/diedrichsen-consulting.com\/wp-content\/uploads\/2026\/02\/f378ea25a9fd07af0ba4e1844226dcab87a6417d.jpg\" alt=\"\" class=\"wp-image-99 size-full\" style=\"object-position:50% 50%\" srcset=\"https:\/\/diedrichsen-consulting.com\/wp-content\/uploads\/2026\/02\/f378ea25a9fd07af0ba4e1844226dcab87a6417d.jpg 1440w, https:\/\/diedrichsen-consulting.com\/wp-content\/uploads\/2026\/02\/f378ea25a9fd07af0ba4e1844226dcab87a6417d-300x219.jpg 300w, https:\/\/diedrichsen-consulting.com\/wp-content\/uploads\/2026\/02\/f378ea25a9fd07af0ba4e1844226dcab87a6417d-1024x747.jpg 1024w, https:\/\/diedrichsen-consulting.com\/wp-content\/uploads\/2026\/02\/f378ea25a9fd07af0ba4e1844226dcab87a6417d-768x560.jpg 768w, https:\/\/diedrichsen-consulting.com\/wp-content\/uploads\/2026\/02\/f378ea25a9fd07af0ba4e1844226dcab87a6417d-16x12.jpg 16w\" sizes=\"auto, (max-width: 1440px) 100vw, 1440px\" \/><\/figure><div class=\"wp-block-media-text__content\">\n<div class=\"wp-block-group is-style-default has-global-padding is-layout-constrained wp-container-core-group-is-layout-9a7b35d3 wp-block-group-is-layout-constrained\" style=\"padding-top:var(--wp--preset--spacing--40);padding-right:var(--wp--preset--spacing--30);padding-bottom:var(--wp--preset--spacing--40);padding-left:var(--wp--preset--spacing--30)\">\n<h3 class=\"wp-block-heading\" style=\"font-size:clamp(15.747px, 0.984rem + ((1vw - 3.2px) * 0.86), 24px);\">Kalkulation<\/h3>\n\n\n\n<p class=\"has-small-font-size\">Individuelle Beratung zur Steigerung Deines Umsatzes und Gewinns durch effektive Kalkulation.<\/p>\n<\/div>\n<\/div><\/div>\n<\/div>\n\n\n\n<div class=\"wp-block-column is-layout-flow wp-container-core-column-is-layout-119bc444 wp-block-column-is-layout-flow\">\n<div class=\"wp-block-media-text is-stacked-on-mobile is-image-fill-element is-style-ext-preset--media-text--natural-1--card-1 has-background-background-color has-background is-style-ext-preset--media-text--natural-1--card-1--7\"><figure class=\"wp-block-media-text__media\"><img loading=\"lazy\" decoding=\"async\" width=\"1440\" height=\"826\" src=\"https:\/\/diedrichsen-consulting.com\/wp-content\/uploads\/2026\/02\/8c94d04ab07b44d71113460af77df9598223afa2.jpg\" alt=\"\" class=\"wp-image-105 size-full\" style=\"object-position:50% 50%\" srcset=\"https:\/\/diedrichsen-consulting.com\/wp-content\/uploads\/2026\/02\/8c94d04ab07b44d71113460af77df9598223afa2.jpg 1440w, https:\/\/diedrichsen-consulting.com\/wp-content\/uploads\/2026\/02\/8c94d04ab07b44d71113460af77df9598223afa2-300x172.jpg 300w, https:\/\/diedrichsen-consulting.com\/wp-content\/uploads\/2026\/02\/8c94d04ab07b44d71113460af77df9598223afa2-1024x587.jpg 1024w, https:\/\/diedrichsen-consulting.com\/wp-content\/uploads\/2026\/02\/8c94d04ab07b44d71113460af77df9598223afa2-768x441.jpg 768w, https:\/\/diedrichsen-consulting.com\/wp-content\/uploads\/2026\/02\/8c94d04ab07b44d71113460af77df9598223afa2-18x10.jpg 18w\" sizes=\"auto, (max-width: 1440px) 100vw, 1440px\" \/><\/figure><div class=\"wp-block-media-text__content\">\n<div class=\"wp-block-group is-style-default has-global-padding is-layout-constrained wp-container-core-group-is-layout-9a7b35d3 wp-block-group-is-layout-constrained\" style=\"padding-top:var(--wp--preset--spacing--40);padding-right:var(--wp--preset--spacing--30);padding-bottom:var(--wp--preset--spacing--40);padding-left:var(--wp--preset--spacing--30)\">\n<h3 class=\"wp-block-heading\" style=\"font-size:clamp(15.747px, 0.984rem + ((1vw - 3.2px) * 0.86), 24px);\">Finanz\u00fcbersicht<\/h3>\n\n\n\n<p class=\"has-small-font-size\">Unterst\u00fctzung bei Deiner Buchhaltung  und finanziellen Entscheidungen.<\/p>\n<\/div>\n<\/div><\/div>\n<\/div>\n<\/div>\n<\/div>","protected":false},"excerpt":{"rendered":"<p>Spezialisierte Beratung f\u00fcr Gr\u00fcnder &amp; Unternehmer Wir unterst\u00fctzen Gr\u00fcnder &amp; Unternehmer mit ma\u00dfgeschneiderten L\u00f6sungen zur Umsatzsteigerung, Prozessoptimierung sowie deiner online Pr\u00e4senz. Speisekaten Analyse Wir unterst\u00fctzen Dich bei der Optimierung der Speisekarte f\u00fcr mehr Gewinn und h\u00f6here Kundenzufriedenheit. Social Media Wir helfen Dir deine Online Pr\u00e4senz aufzubauen und\/oder zu optimieren. Kalkulation Individuelle Beratung zur Steigerung Deines [&hellip;]<\/p>\n","protected":false},"author":1,"featured_media":0,"parent":0,"menu_order":0,"comment_status":"closed","ping_status":"closed","template":"page-with-title","meta":{"_joinchat":[],"footnotes":""},"class_list":["post-34","page","type-page","status-publish","hentry"],"yoast_head":"<!-- This site is optimized with the Yoast SEO plugin v27.4 - https:\/\/yoast.com\/product\/yoast-seo-wordpress\/ -->\n<title>Portfolio - Diedrichsen Consulting<\/title>\n<meta name=\"robots\" content=\"index, follow, max-snippet:-1, max-image-preview:large, max-video-preview:-1\" \/>\n<link rel=\"canonical\" href=\"https:\/\/diedrichsen-consulting.com\/en\/portfolio\/\" \/>\n<meta property=\"og:locale\" content=\"en_US\" \/>\n<meta property=\"og:type\" content=\"article\" \/>\n<meta property=\"og:title\" content=\"Portfolio - Diedrichsen Consulting\" \/>\n<meta property=\"og:description\" content=\"Spezialisierte Beratung f\u00fcr Gr\u00fcnder &amp; Unternehmer Wir unterst\u00fctzen Gr\u00fcnder &amp; Unternehmer mit ma\u00dfgeschneiderten L\u00f6sungen zur Umsatzsteigerung, Prozessoptimierung sowie deiner online Pr\u00e4senz. Speisekaten Analyse Wir unterst\u00fctzen Dich bei der Optimierung der Speisekarte f\u00fcr mehr Gewinn und h\u00f6here Kundenzufriedenheit. Social Media Wir helfen Dir deine Online Pr\u00e4senz aufzubauen und\/oder zu optimieren. Kalkulation Individuelle Beratung zur Steigerung Deines [&hellip;]\" \/>\n<meta property=\"og:url\" content=\"https:\/\/diedrichsen-consulting.com\/en\/portfolio\/\" \/>\n<meta property=\"og:site_name\" content=\"Diedrichsen Consulting\" \/>\n<meta property=\"article:modified_time\" content=\"2026-03-07T22:17:44+00:00\" \/>\n<meta property=\"og:image\" content=\"https:\/\/diedrichsen-consulting.com\/wp-content\/uploads\/2026\/03\/image.jpg\" \/>\n\t<meta property=\"og:image:width\" content=\"1024\" \/>\n\t<meta property=\"og:image:height\" content=\"1024\" \/>\n\t<meta property=\"og:image:type\" content=\"image\/jpeg\" \/>\n<meta name=\"twitter:card\" content=\"summary_large_image\" \/>\n<meta name=\"twitter:label1\" content=\"Est. reading time\" \/>\n\t<meta name=\"twitter:data1\" content=\"2 minutes\" \/>\n<script type=\"application\/ld+json\" class=\"yoast-schema-graph\">{\"@context\":\"https:\\\/\\\/schema.org\",\"@graph\":[{\"@type\":\"WebPage\",\"@id\":\"https:\\\/\\\/diedrichsen-consulting.com\\\/portfolio\\\/\",\"url\":\"https:\\\/\\\/diedrichsen-consulting.com\\\/portfolio\\\/\",\"name\":\"Portfolio - Diedrichsen Consulting\",\"isPartOf\":{\"@id\":\"https:\\\/\\\/diedrichsen-unternehmensberatung-wkwych5bmp.live-website.com\\\/#website\"},\"primaryImageOfPage\":{\"@id\":\"https:\\\/\\\/diedrichsen-consulting.com\\\/portfolio\\\/#primaryimage\"},\"image\":{\"@id\":\"https:\\\/\\\/diedrichsen-consulting.com\\\/portfolio\\\/#primaryimage\"},\"thumbnailUrl\":\"https:\\\/\\\/diedrichsen-consulting.com\\\/wp-content\\\/uploads\\\/2026\\\/03\\\/image.jpg\",\"datePublished\":\"2026-02-19T00:35:58+00:00\",\"dateModified\":\"2026-03-07T22:17:44+00:00\",\"breadcrumb\":{\"@id\":\"https:\\\/\\\/diedrichsen-consulting.com\\\/portfolio\\\/#breadcrumb\"},\"inLanguage\":\"en-US\",\"potentialAction\":[{\"@type\":\"ReadAction\",\"target\":[\"https:\\\/\\\/diedrichsen-consulting.com\\\/portfolio\\\/\"]}]},{\"@type\":\"ImageObject\",\"inLanguage\":\"en-US\",\"@id\":\"https:\\\/\\\/diedrichsen-consulting.com\\\/portfolio\\\/#primaryimage\",\"url\":\"https:\\\/\\\/diedrichsen-consulting.com\\\/wp-content\\\/uploads\\\/2026\\\/03\\\/image.jpg\",\"contentUrl\":\"https:\\\/\\\/diedrichsen-consulting.com\\\/wp-content\\\/uploads\\\/2026\\\/03\\\/image.jpg\"},{\"@type\":\"BreadcrumbList\",\"@id\":\"https:\\\/\\\/diedrichsen-consulting.com\\\/portfolio\\\/#breadcrumb\",\"itemListElement\":[{\"@type\":\"ListItem\",\"position\":1,\"name\":\"Start\",\"item\":\"https:\\\/\\\/diedrichsen-consulting.com\\\/\"},{\"@type\":\"ListItem\",\"position\":2,\"name\":\"Portfolio\"}]},{\"@type\":\"WebSite\",\"@id\":\"https:\\\/\\\/diedrichsen-unternehmensberatung-wkwych5bmp.live-website.com\\\/#website\",\"url\":\"https:\\\/\\\/diedrichsen-unternehmensberatung-wkwych5bmp.live-website.com\\\/\",\"name\":\"Diedrichsen Consulting\",\"description\":\"Eine andere WordPress-Site.\",\"potentialAction\":[{\"@type\":\"SearchAction\",\"target\":{\"@type\":\"EntryPoint\",\"urlTemplate\":\"https:\\\/\\\/diedrichsen-unternehmensberatung-wkwych5bmp.live-website.com\\\/?s={search_term_string}\"},\"query-input\":{\"@type\":\"PropertyValueSpecification\",\"valueRequired\":true,\"valueName\":\"search_term_string\"}}],\"inLanguage\":\"en-US\"}]}<\/script>\n<!-- \/ Yoast SEO plugin. -->","yoast_head_json":{"title":"Portfolio - Diedrichsen Consulting","robots":{"index":"index","follow":"follow","max-snippet":"max-snippet:-1","max-image-preview":"max-image-preview:large","max-video-preview":"max-video-preview:-1"},"canonical":"https:\/\/diedrichsen-consulting.com\/en\/portfolio\/","og_locale":"en_US","og_type":"article","og_title":"Portfolio - Diedrichsen Consulting","og_description":"Spezialisierte Beratung f\u00fcr Gr\u00fcnder &amp; Unternehmer Wir unterst\u00fctzen Gr\u00fcnder &amp; Unternehmer mit ma\u00dfgeschneiderten L\u00f6sungen zur Umsatzsteigerung, Prozessoptimierung sowie deiner online Pr\u00e4senz. Speisekaten Analyse Wir unterst\u00fctzen Dich bei der Optimierung der Speisekarte f\u00fcr mehr Gewinn und h\u00f6here Kundenzufriedenheit. Social Media Wir helfen Dir deine Online Pr\u00e4senz aufzubauen und\/oder zu optimieren. Kalkulation Individuelle Beratung zur Steigerung Deines [&hellip;]","og_url":"https:\/\/diedrichsen-consulting.com\/en\/portfolio\/","og_site_name":"Diedrichsen Consulting","article_modified_time":"2026-03-07T22:17:44+00:00","og_image":[{"width":1024,"height":1024,"url":"https:\/\/diedrichsen-consulting.com\/wp-content\/uploads\/2026\/03\/image.jpg","type":"image\/jpeg"}],"twitter_card":"summary_large_image","twitter_misc":{"Est. reading time":"2 minutes"},"schema":{"@context":"https:\/\/schema.org","@graph":[{"@type":"WebPage","@id":"https:\/\/diedrichsen-consulting.com\/portfolio\/","url":"https:\/\/diedrichsen-consulting.com\/portfolio\/","name":"Portfolio - Diedrichsen Consulting","isPartOf":{"@id":"https:\/\/diedrichsen-unternehmensberatung-wkwych5bmp.live-website.com\/#website"},"primaryImageOfPage":{"@id":"https:\/\/diedrichsen-consulting.com\/portfolio\/#primaryimage"},"image":{"@id":"https:\/\/diedrichsen-consulting.com\/portfolio\/#primaryimage"},"thumbnailUrl":"https:\/\/diedrichsen-consulting.com\/wp-content\/uploads\/2026\/03\/image.jpg","datePublished":"2026-02-19T00:35:58+00:00","dateModified":"2026-03-07T22:17:44+00:00","breadcrumb":{"@id":"https:\/\/diedrichsen-consulting.com\/portfolio\/#breadcrumb"},"inLanguage":"en-US","potentialAction":[{"@type":"ReadAction","target":["https:\/\/diedrichsen-consulting.com\/portfolio\/"]}]},{"@type":"ImageObject","inLanguage":"en-US","@id":"https:\/\/diedrichsen-consulting.com\/portfolio\/#primaryimage","url":"https:\/\/diedrichsen-consulting.com\/wp-content\/uploads\/2026\/03\/image.jpg","contentUrl":"https:\/\/diedrichsen-consulting.com\/wp-content\/uploads\/2026\/03\/image.jpg"},{"@type":"BreadcrumbList","@id":"https:\/\/diedrichsen-consulting.com\/portfolio\/#breadcrumb","itemListElement":[{"@type":"ListItem","position":1,"name":"Start","item":"https:\/\/diedrichsen-consulting.com\/"},{"@type":"ListItem","position":2,"name":"Portfolio"}]},{"@type":"WebSite","@id":"https:\/\/diedrichsen-unternehmensberatung-wkwych5bmp.live-website.com\/#website","url":"https:\/\/diedrichsen-unternehmensberatung-wkwych5bmp.live-website.com\/","name":"Diedrichsen Consulting","description":"Eine andere WordPress-Site.","potentialAction":[{"@type":"SearchAction","target":{"@type":"EntryPoint","urlTemplate":"https:\/\/diedrichsen-unternehmensberatung-wkwych5bmp.live-website.com\/?s={search_term_string}"},"query-input":{"@type":"PropertyValueSpecification","valueRequired":true,"valueName":"search_term_string"}}],"inLanguage":"en-US"}]}},"_links":{"self":[{"href":"https:\/\/diedrichsen-consulting.com\/en\/wp-json\/wp\/v2\/pages\/34","targetHints":{"allow":["GET"]}}],"collection":[{"href":"https:\/\/diedrichsen-consulting.com\/en\/wp-json\/wp\/v2\/pages"}],"about":[{"href":"https:\/\/diedrichsen-consulting.com\/en\/wp-json\/wp\/v2\/types\/page"}],"author":[{"embeddable":true,"href":"https:\/\/diedrichsen-consulting.com\/en\/wp-json\/wp\/v2\/users\/1"}],"replies":[{"embeddable":true,"href":"https:\/\/diedrichsen-consulting.com\/en\/wp-json\/wp\/v2\/comments?post=34"}],"version-history":[{"count":43,"href":"https:\/\/diedrichsen-consulting.com\/en\/wp-json\/wp\/v2\/pages\/34\/revisions"}],"predecessor-version":[{"id":259,"href":"https:\/\/diedrichsen-consulting.com\/en\/wp-json\/wp\/v2\/pages\/34\/revisions\/259"}],"wp:attachment":[{"href":"https:\/\/diedrichsen-consulting.com\/en\/wp-json\/wp\/v2\/media?parent=34"}],"curies":[{"name":"wp","href":"https:\/\/api.w.org\/{rel}","templated":true}]}}