{"id":31,"date":"2026-02-19T00:35:56","date_gmt":"2026-02-19T00:35:56","guid":{"rendered":"https:\/\/diedrichsen-consulting.com\/angebot\/"},"modified":"2026-02-19T16:09:50","modified_gmt":"2026-02-19T16:09:50","slug":"angebot","status":"publish","type":"page","link":"https:\/\/diedrichsen-consulting.com\/en\/angebot\/","title":{"rendered":"Angebot"},"content":{"rendered":"<div class=\"wp-block-group alignfull is-style-ext-preset--group--natural-1--section has-background-background-color has-background has-global-padding is-layout-constrained wp-container-core-group-is-layout-e955bbaf wp-block-group-is-layout-constrained\" style=\"margin-top:0;margin-bottom:0;padding-top:var(--wp--preset--spacing--70);padding-bottom:var(--wp--preset--spacing--70)\">\n<div class=\"wp-block-group alignwide is-vertical is-content-justification-center is-layout-flex wp-container-core-group-is-layout-c9ee0c5a wp-block-group-is-layout-flex\">\n<div class=\"wp-block-group has-global-padding is-layout-constrained wp-container-core-group-is-layout-5e05634a wp-block-group-is-layout-constrained\">\n<h2 class=\"wp-block-heading has-text-align-center\">Profitieren Sie von ma\u00dfgeschneiderten L\u00f6sungen und sp\u00fcrbarem Gesch\u00e4ftserfolg.<\/h2>\n\n\n\n<p class=\"has-text-align-center\">Hier erfahren Sie, wie unsere Beratung und Buchhaltung Ihre Gastronomie oder Ihr KMU nachhaltig st\u00e4rkt.<\/p>\n<\/div>\n<\/div>\n\n\n\n<div class=\"wp-block-columns alignwide is-layout-flex wp-container-core-columns-is-layout-08c01c1c wp-block-columns-is-layout-flex\">\n<div class=\"wp-block-column is-vertically-aligned-stretch is-layout-flow wp-container-core-column-is-layout-f5bb311e wp-block-column-is-layout-flow\">\n<div class=\"wp-block-group is-style-ext-preset--group--natural-1--item-card-1--align-center has-global-padding is-layout-constrained wp-block-group-is-layout-constrained is-style-ext-preset--group--natural-1--item-card-1--align-center--2\">\n<figure class=\"wp-block-image aligncenter size-large ext-aspect-landscape\"><img loading=\"lazy\" decoding=\"async\" width=\"1440\" height=\"961\" class=\"wp-image-97\" src=\"https:\/\/diedrichsen-consulting.com\/wp-content\/uploads\/2026\/02\/42c7f31a6b64ba7f2becfc88dea95d7cc325115d.jpg\" alt=\"\" style=\"aspect-ratio:4\/3;object-fit:cover\" srcset=\"https:\/\/diedrichsen-consulting.com\/wp-content\/uploads\/2026\/02\/42c7f31a6b64ba7f2becfc88dea95d7cc325115d.jpg 1440w, https:\/\/diedrichsen-consulting.com\/wp-content\/uploads\/2026\/02\/42c7f31a6b64ba7f2becfc88dea95d7cc325115d-300x200.jpg 300w, https:\/\/diedrichsen-consulting.com\/wp-content\/uploads\/2026\/02\/42c7f31a6b64ba7f2becfc88dea95d7cc325115d-1024x683.jpg 1024w, https:\/\/diedrichsen-consulting.com\/wp-content\/uploads\/2026\/02\/42c7f31a6b64ba7f2becfc88dea95d7cc325115d-768x513.jpg 768w, https:\/\/diedrichsen-consulting.com\/wp-content\/uploads\/2026\/02\/42c7f31a6b64ba7f2becfc88dea95d7cc325115d-18x12.jpg 18w\" sizes=\"auto, (max-width: 1440px) 100vw, 1440px\" \/><\/figure>\n\n\n\n<div class=\"wp-block-group is-style-default has-global-padding is-layout-constrained wp-block-group-is-layout-constrained\">\n<h3 class=\"wp-block-heading has-text-align-center\">Optimierung Ihrer Speisekarte<\/h3>\n\n\n\n<p class=\"has-text-align-center\">Steigern Sie Ihren Umsatz durch gezielte Analyse und Anpassung Ihrer Angebote f\u00fcr mehr G\u00e4stezufriedenheit.<\/p>\n<\/div>\n<\/div>\n<\/div>\n\n\n\n<div class=\"wp-block-column is-vertically-aligned-stretch is-layout-flow wp-container-core-column-is-layout-f5bb311e wp-block-column-is-layout-flow\">\n<div class=\"wp-block-group is-style-ext-preset--group--natural-1--item-card-1--align-center has-global-padding is-layout-constrained wp-block-group-is-layout-constrained is-style-ext-preset--group--natural-1--item-card-1--align-center--3\">\n<figure class=\"wp-block-image aligncenter size-large ext-aspect-landscape\"><img loading=\"lazy\" decoding=\"async\" width=\"1440\" height=\"960\" class=\"wp-image-98\" src=\"https:\/\/diedrichsen-consulting.com\/wp-content\/uploads\/2026\/02\/78cb3a5915faeb380c66f91a13aa7063b4e1bfc7.jpg\" alt=\"\" style=\"aspect-ratio:4\/3;object-fit:cover\" srcset=\"https:\/\/diedrichsen-consulting.com\/wp-content\/uploads\/2026\/02\/78cb3a5915faeb380c66f91a13aa7063b4e1bfc7.jpg 1440w, https:\/\/diedrichsen-consulting.com\/wp-content\/uploads\/2026\/02\/78cb3a5915faeb380c66f91a13aa7063b4e1bfc7-300x200.jpg 300w, https:\/\/diedrichsen-consulting.com\/wp-content\/uploads\/2026\/02\/78cb3a5915faeb380c66f91a13aa7063b4e1bfc7-1024x683.jpg 1024w, https:\/\/diedrichsen-consulting.com\/wp-content\/uploads\/2026\/02\/78cb3a5915faeb380c66f91a13aa7063b4e1bfc7-768x512.jpg 768w, https:\/\/diedrichsen-consulting.com\/wp-content\/uploads\/2026\/02\/78cb3a5915faeb380c66f91a13aa7063b4e1bfc7-18x12.jpg 18w\" sizes=\"auto, (max-width: 1440px) 100vw, 1440px\" \/><\/figure>\n\n\n\n<div class=\"wp-block-group is-style-default has-global-padding is-layout-constrained wp-block-group-is-layout-constrained\">\n<h3 class=\"wp-block-heading has-text-align-center\">Betriebswirtschaftliche Beratung<\/h3>\n\n\n\n<p class=\"has-text-align-center\">Erhalten Sie praxisnahe Empfehlungen zur Effizienzsteigerung und nachhaltigen Gewinnmaximierung.<\/p>\n<\/div>\n<\/div>\n<\/div>\n\n\n\n<div class=\"wp-block-column is-vertically-aligned-stretch is-layout-flow wp-container-core-column-is-layout-f5bb311e wp-block-column-is-layout-flow\">\n<div class=\"wp-block-group is-style-ext-preset--group--natural-1--item-card-1--align-center has-global-padding is-layout-constrained wp-block-group-is-layout-constrained is-style-ext-preset--group--natural-1--item-card-1--align-center--4\">\n<figure class=\"wp-block-image aligncenter size-large ext-aspect-landscape\"><img loading=\"lazy\" decoding=\"async\" width=\"1440\" height=\"961\" class=\"wp-image-102\" src=\"https:\/\/diedrichsen-consulting.com\/wp-content\/uploads\/2026\/02\/fcf0ab7a969f1842f36a81830ade200acc11ca77.jpg\" alt=\"\" style=\"aspect-ratio:4\/3;object-fit:cover\" srcset=\"https:\/\/diedrichsen-consulting.com\/wp-content\/uploads\/2026\/02\/fcf0ab7a969f1842f36a81830ade200acc11ca77.jpg 1440w, https:\/\/diedrichsen-consulting.com\/wp-content\/uploads\/2026\/02\/fcf0ab7a969f1842f36a81830ade200acc11ca77-300x200.jpg 300w, https:\/\/diedrichsen-consulting.com\/wp-content\/uploads\/2026\/02\/fcf0ab7a969f1842f36a81830ade200acc11ca77-1024x683.jpg 1024w, https:\/\/diedrichsen-consulting.com\/wp-content\/uploads\/2026\/02\/fcf0ab7a969f1842f36a81830ade200acc11ca77-768x513.jpg 768w, https:\/\/diedrichsen-consulting.com\/wp-content\/uploads\/2026\/02\/fcf0ab7a969f1842f36a81830ade200acc11ca77-18x12.jpg 18w\" sizes=\"auto, (max-width: 1440px) 100vw, 1440px\" \/><\/figure>\n\n\n\n<div class=\"wp-block-group is-style-default has-global-padding is-layout-constrained wp-block-group-is-layout-constrained\">\n<h3 class=\"wp-block-heading\">Digitalisierung Ihrer Gesch\u00e4ftsprozesse<\/h3>\n\n\n\n<p class=\"has-text-align-center\">Automatisieren Sie Abl\u00e4ufe und gewinnen Sie Zeit f\u00fcr das Wesentliche \u2013 Ihr Kerngesch\u00e4ft und Ihre Kunden.<\/p>\n<\/div>\n<\/div>\n<\/div>\n<\/div>\n\n\n\n<div class=\"wp-block-buttons is-content-justification-center is-layout-flex wp-container-core-buttons-is-layout-a89b3969 wp-block-buttons-is-layout-flex\">\n<div class=\"wp-block-button is-style-ext-preset--button--natural-1--button-1 is-style-ext-preset--button--natural-1--button-1--5\"><a class=\"wp-block-button__link wp-element-button\" href=\"https:\/\/diedrichsen-consulting.com\/en\/dienstleistungen\/\">Mehr erfahren<\/a><\/div>\n<\/div>\n<\/div>\n\n<div class=\"wp-block-group alignfull is-style-ext-preset--group--natural-1--section has-tertiary-background-color has-background has-global-padding is-layout-constrained wp-container-core-group-is-layout-e955bbaf wp-block-group-is-layout-constrained\" id=\"dienstleistungen\" style=\"margin-top:0;margin-bottom:0;padding-top:var(--wp--preset--spacing--70);padding-bottom:var(--wp--preset--spacing--70)\">\n<div class=\"wp-block-group alignwide is-vertical is-content-justification-center is-layout-flex wp-container-core-group-is-layout-c9ee0c5a wp-block-group-is-layout-flex\">\n<div class=\"wp-block-group has-global-padding is-layout-constrained wp-container-core-group-is-layout-5e05634a wp-block-group-is-layout-constrained\">\n<h2 class=\"wp-block-heading has-text-align-center\">Effiziente Beratung f\u00fcr Gastronomie und KMU<\/h2>\n\n\n\n<p class=\"has-text-align-center\">Unsere Services umfassen Speisekartenoptimierung, Betriebsberatung und Digitalisierung \u2013 stets mit Fokus auf Ihren Erfolg.<\/p>\n<\/div>\n<\/div>\n\n\n\n<div class=\"wp-block-columns alignwide is-layout-flex wp-container-core-columns-is-layout-08c01c1c wp-block-columns-is-layout-flex\">\n<div class=\"wp-block-column is-vertically-aligned-stretch is-layout-flow wp-container-core-column-is-layout-f5bb311e wp-block-column-is-layout-flow\">\n<div class=\"wp-block-group is-style-ext-preset--group--natural-1--item-card-1--align-center has-global-padding is-layout-constrained wp-block-group-is-layout-constrained is-style-ext-preset--group--natural-1--item-card-1--align-center--7\">\n<div class=\"wp-block-group is-style-default has-global-padding is-layout-constrained wp-block-group-is-layout-constrained\">\n<figure class=\"wp-block-image aligncenter size-large ext-aspect-landscape wp-duotone-primary-foreground\"><img decoding=\"async\" src=\"data:image\/svg+xml;base64,PHN2ZyB4bWxucz0iaHR0cDovL3d3dy53My5vcmcvMjAwMC9zdmciIHdpZHRoPSI0OCIgaGVpZ2h0PSI0OCIgZmlsbD0iIzAwMDAwMCIgdmlld0JveD0iMCAwIDI1NiAyNTYiPjxwYXRoIGQ9Ik0xNzIsNzZhNDQsNDQsMCwxLDAtNDQsNDRBNDQuMDUsNDQuMDUsMCwwLDAsMTcyLDc2Wm0tNDQsMjhhMjgsMjgsMCwxLDEsMjgtMjhBMjgsMjgsMCwwLDEsMTI4LDEwNFptNjAsMjRhNDQsNDQsMCwxLDAsNDQsNDRBNDQuMDUsNDQuMDUsMCwwLDAsMTg4LDEyOFptMCw3MmEyOCwyOCwwLDEsMSwyOC0yOEEyOCwyOCwwLDAsMSwxODgsMjAwWk02OCwxMjhhNDQsNDQsMCwxLDAsNDQsNDRBNDQuMDUsNDQuMDUsMCwwLDAsNjgsMTI4Wm0wLDcyYTI4LDI4LDAsMSwxLDI4LTI4QTI4LDI4LDAsMCwxLDY4LDIwMFoiPjwvcGF0aD48L3N2Zz4=\" alt=\"\" style=\"object-fit:cover\"\/><\/figure>\n\n\n\n<h3 class=\"wp-block-heading has-text-align-center\">Speisekartenoptimierung<\/h3>\n\n\n\n<p class=\"has-text-align-center\">Wir analysieren Ihre Angebote und erh\u00f6hen so Ihre Ums\u00e4tze gezielt und praxisnah.<\/p>\n<\/div>\n<\/div>\n<\/div>\n\n\n\n<div class=\"wp-block-column is-vertically-aligned-stretch is-layout-flow wp-container-core-column-is-layout-f5bb311e wp-block-column-is-layout-flow\">\n<div class=\"wp-block-group is-style-ext-preset--group--natural-1--item-card-1--align-center has-global-padding is-layout-constrained wp-block-group-is-layout-constrained is-style-ext-preset--group--natural-1--item-card-1--align-center--8\">\n<div class=\"wp-block-group is-style-default has-global-padding is-layout-constrained wp-block-group-is-layout-constrained\">\n<figure class=\"wp-block-image aligncenter size-large ext-aspect-landscape wp-duotone-primary-foreground\"><img decoding=\"async\" src=\"data:image\/svg+xml;base64,PHN2ZyB4bWxucz0iaHR0cDovL3d3dy53My5vcmcvMjAwMC9zdmciIHdpZHRoPSI0OCIgaGVpZ2h0PSI0OCIgZmlsbD0iIzAwMDAwMCIgdmlld0JveD0iMCAwIDI1NiAyNTYiPjxwYXRoIGQ9Ik04MCw0MGE0MCw0MCwwLDEsMCw0MCw0MEE0MCw0MCwwLDAsMCw4MCw0MFptMCw2NGEyNCwyNCwwLDEsMSwyNC0yNEEyNCwyNCwwLDAsMSw4MCwxMDRabTk2LDE2YTQwLDQwLDAsMSwwLTQwLTQwQTQwLDQwLDAsMCwwLDE3NiwxMjBabTAtNjRhMjQsMjQsMCwxLDEtMjQsMjRBMjQsMjQsMCwwLDEsMTc2LDU2Wk04MCwxMzZhNDAsNDAsMCwxLDAsNDAsNDBBNDAsNDAsMCwwLDAsODAsMTM2Wm0wLDY0YTI0LDI0LDAsMSwxLDI0LTI0QTI0LDI0LDAsMCwxLDgwLDIwMFptOTYtNjRhNDAsNDAsMCwxLDAsNDAsNDBBNDAsNDAsMCwwLDAsMTc2LDEzNlptMCw2NGEyNCwyNCwwLDEsMSwyNC0yNEEyNCwyNCwwLDAsMSwxNzYsMjAwWiI+PC9wYXRoPjwvc3ZnPg==\" alt=\"\" style=\"object-fit:cover\"\/><\/figure>\n\n\n\n<h3 class=\"wp-block-heading has-text-align-center\">Betriebswirtschaftliche Beratung<\/h3>\n\n\n\n<p class=\"has-text-align-center\">Ma\u00dfgeschneiderte Strategien f\u00fcr nachhaltiges Wachstum und finanzielle Klarheit.<\/p>\n<\/div>\n<\/div>\n<\/div>\n\n\n\n<div class=\"wp-block-column is-vertically-aligned-stretch is-layout-flow wp-container-core-column-is-layout-f5bb311e wp-block-column-is-layout-flow\">\n<div class=\"wp-block-group is-style-ext-preset--group--natural-1--item-card-1--align-center has-global-padding is-layout-constrained wp-block-group-is-layout-constrained is-style-ext-preset--group--natural-1--item-card-1--align-center--9\">\n<div class=\"wp-block-group is-style-default has-global-padding is-layout-constrained wp-block-group-is-layout-constrained\">\n<figure class=\"wp-block-image aligncenter size-large ext-aspect-landscape wp-duotone-primary-foreground\"><img decoding=\"async\" src=\"data:image\/svg+xml;base64,PHN2ZyB4bWxucz0iaHR0cDovL3d3dy53My5vcmcvMjAwMC9zdmciIHdpZHRoPSI0OCIgaGVpZ2h0PSI0OCIgZmlsbD0iIzAwMDAwMCIgdmlld0JveD0iMCAwIDI1NiAyNTYiPjxwYXRoIGQ9Ik04MCw0MGE0MCw0MCwwLDEsMCw0MCw0MEE0MCw0MCwwLDAsMCw4MCw0MFptMCw2NGEyNCwyNCwwLDEsMSwyNC0yNEEyNCwyNCwwLDAsMSw4MCwxMDRabTk2LDE2YTQwLDQwLDAsMSwwLTQwLTQwQTQwLDQwLDAsMCwwLDE3NiwxMjBabTAtNjRhMjQsMjQsMCwxLDEtMjQsMjRBMjQsMjQsMCwwLDEsMTc2LDU2Wk04MCwxMzZhNDAsNDAsMCwxLDAsNDAsNDBBNDAsNDAsMCwwLDAsODAsMTM2Wm0wLDY0YTI0LDI0LDAsMSwxLDI0LTI0QTI0LDI0LDAsMCwxLDgwLDIwMFptMTM2LTI0YTgsOCwwLDAsMS04LDhIMTg0djI0YTgsOCwwLDAsMS0xNiwwVjE4NEgxNDRhOCw4LDAsMCwxLDAtMTZoMjRWMTQ0YTgsOCwwLDAsMSwxNiwwdjI0aDI0QTgsOCwwLDAsMSwyMTYsMTc2WiI+PC9wYXRoPjwvc3ZnPg==\" alt=\"\" style=\"object-fit:cover\"\/><\/figure>\n\n\n\n<h3 class=\"wp-block-heading has-text-align-center\">Digitalisierung &amp; Prozessoptimierung<\/h3>\n\n\n\n<p class=\"has-text-align-center\">Wir digitalisieren Ihre Abl\u00e4ufe, damit Sie sich auf Ihr Kerngesch\u00e4ft konzentrieren k\u00f6nnen.<\/p>\n<\/div>\n<\/div>\n<\/div>\n<\/div>\n<\/div>\n\n<div class=\"wp-block-group alignfull is-style-ext-preset--group--natural-1--section has-background-background-color has-background has-global-padding is-layout-constrained wp-container-core-group-is-layout-e96f6837 wp-block-group-is-layout-constrained\" style=\"margin-top:0;margin-bottom:0;padding-top:0;padding-right:0;padding-bottom:0;padding-left:0\">\n<div class=\"wp-block-cover alignfull is-style-ext-preset--cover--natural-1--cover-overlay-1 is-style-ext-preset--cover--natural-1--cover-overlay-1--11\" style=\"padding-top:var(--wp--preset--spacing--70);padding-right:var(--wp--preset--spacing--30);padding-bottom:var(--wp--preset--spacing--70);padding-left:var(--wp--preset--spacing--30)\"><img loading=\"lazy\" decoding=\"async\" width=\"1440\" height=\"961\" class=\"wp-block-cover__image-background wp-image-102\" alt=\"\" src=\"https:\/\/diedrichsen-consulting.com\/wp-content\/uploads\/2026\/02\/fcf0ab7a969f1842f36a81830ade200acc11ca77.jpg\" data-object-fit=\"cover\" srcset=\"https:\/\/diedrichsen-consulting.com\/wp-content\/uploads\/2026\/02\/fcf0ab7a969f1842f36a81830ade200acc11ca77.jpg 1440w, https:\/\/diedrichsen-consulting.com\/wp-content\/uploads\/2026\/02\/fcf0ab7a969f1842f36a81830ade200acc11ca77-300x200.jpg 300w, https:\/\/diedrichsen-consulting.com\/wp-content\/uploads\/2026\/02\/fcf0ab7a969f1842f36a81830ade200acc11ca77-1024x683.jpg 1024w, https:\/\/diedrichsen-consulting.com\/wp-content\/uploads\/2026\/02\/fcf0ab7a969f1842f36a81830ade200acc11ca77-768x513.jpg 768w, https:\/\/diedrichsen-consulting.com\/wp-content\/uploads\/2026\/02\/fcf0ab7a969f1842f36a81830ade200acc11ca77-18x12.jpg 18w\" sizes=\"auto, (max-width: 1440px) 100vw, 1440px\" \/><span aria-hidden=\"true\" class=\"wp-block-cover__background has-background-dim-80 has-background-dim\" style=\"background-color:#010101\"><\/span><div class=\"wp-block-cover__inner-container has-global-padding is-layout-constrained wp-container-core-cover-is-layout-5cffc2c1 wp-block-cover-is-layout-constrained\">\n<div class=\"wp-block-group alignwide is-vertical is-content-justification-center is-layout-flex wp-container-core-group-is-layout-c9ee0c5a wp-block-group-is-layout-flex\">\n<div class=\"wp-block-group has-global-padding is-layout-constrained wp-container-core-group-is-layout-2287c683 wp-block-group-is-layout-constrained\">\n<h2 class=\"wp-block-heading has-text-align-center\">Effiziente Strategien f\u00fcr mehr Gewinn<\/h2>\n\n\n\n<p class=\"has-text-align-center\">Profitieren Sie von ma\u00dfgeschneiderten L\u00f6sungen, die Ihr Gesch\u00e4ft voranbringen. Kontaktieren Sie uns jetzt und starten Sie mit einer individuellen Beratung, um Ihre Ziele zu erreichen.<\/p>\n<\/div>\n\n\n\n<div class=\"wp-block-buttons is-layout-flex wp-block-buttons-is-layout-flex\">\n<div class=\"wp-block-button is-style-ext-preset--button--natural-1--button-1 is-style-ext-preset--button--natural-1--button-1--12\"><a class=\"wp-block-button__link wp-element-button\" href=\"https:\/\/diedrichsen-consulting.com\/en\/kontakt\/\">Jetzt entdecken<\/a><\/div>\n<\/div>\n<\/div>\n<\/div><\/div>\n<\/div>","protected":false},"excerpt":{"rendered":"<p>Profitieren Sie von ma\u00dfgeschneiderten L\u00f6sungen und sp\u00fcrbarem Gesch\u00e4ftserfolg. Hier erfahren Sie, wie unsere Beratung und Buchhaltung Ihre Gastronomie oder Ihr KMU nachhaltig st\u00e4rkt. Optimierung Ihrer Speisekarte Steigern Sie Ihren Umsatz durch gezielte Analyse und Anpassung Ihrer Angebote f\u00fcr mehr G\u00e4stezufriedenheit. Betriebswirtschaftliche Beratung Erhalten Sie praxisnahe Empfehlungen zur Effizienzsteigerung und nachhaltigen Gewinnmaximierung. Digitalisierung Ihrer Gesch\u00e4ftsprozesse Automatisieren [&hellip;]<\/p>\n","protected":false},"author":1,"featured_media":0,"parent":0,"menu_order":0,"comment_status":"closed","ping_status":"closed","template":"page-with-title","meta":{"_joinchat":[],"footnotes":""},"class_list":["post-31","page","type-page","status-publish","hentry"],"yoast_head":"<!-- This site is optimized with the Yoast SEO plugin v27.4 - https:\/\/yoast.com\/product\/yoast-seo-wordpress\/ -->\n<title>Angebot - Diedrichsen Consulting<\/title>\n<meta name=\"robots\" content=\"index, follow, max-snippet:-1, max-image-preview:large, max-video-preview:-1\" \/>\n<link rel=\"canonical\" href=\"https:\/\/diedrichsen-unternehmensberatung-wkwych5bmp.live-website.com\/angebot\/\" \/>\n<meta property=\"og:locale\" content=\"en_US\" \/>\n<meta property=\"og:type\" content=\"article\" \/>\n<meta property=\"og:title\" content=\"Angebot - Diedrichsen Consulting\" \/>\n<meta property=\"og:description\" content=\"Profitieren Sie von ma\u00dfgeschneiderten L\u00f6sungen und sp\u00fcrbarem Gesch\u00e4ftserfolg. Hier erfahren Sie, wie unsere Beratung und Buchhaltung Ihre Gastronomie oder Ihr KMU nachhaltig st\u00e4rkt. Optimierung Ihrer Speisekarte Steigern Sie Ihren Umsatz durch gezielte Analyse und Anpassung Ihrer Angebote f\u00fcr mehr G\u00e4stezufriedenheit. Betriebswirtschaftliche Beratung Erhalten Sie praxisnahe Empfehlungen zur Effizienzsteigerung und nachhaltigen Gewinnmaximierung. Digitalisierung Ihrer Gesch\u00e4ftsprozesse Automatisieren [&hellip;]\" \/>\n<meta property=\"og:url\" content=\"https:\/\/diedrichsen-unternehmensberatung-wkwych5bmp.live-website.com\/angebot\/\" \/>\n<meta property=\"og:site_name\" content=\"Diedrichsen Consulting\" \/>\n<meta property=\"article:modified_time\" content=\"2026-02-19T16:09:50+00:00\" \/>\n<meta property=\"og:image\" content=\"https:\/\/diedrichsen-consulting.com\/wp-content\/uploads\/2026\/02\/42c7f31a6b64ba7f2becfc88dea95d7cc325115d.jpg\" \/>\n\t<meta property=\"og:image:width\" content=\"1440\" \/>\n\t<meta property=\"og:image:height\" content=\"961\" \/>\n\t<meta property=\"og:image:type\" content=\"image\/jpeg\" \/>\n<meta name=\"twitter:card\" content=\"summary_large_image\" \/>\n<meta name=\"twitter:label1\" content=\"Est. reading time\" \/>\n\t<meta name=\"twitter:data1\" content=\"1 minute\" \/>\n<script type=\"application\/ld+json\" class=\"yoast-schema-graph\">{\"@context\":\"https:\\\/\\\/schema.org\",\"@graph\":[{\"@type\":\"WebPage\",\"@id\":\"https:\\\/\\\/diedrichsen-unternehmensberatung-wkwych5bmp.live-website.com\\\/angebot\\\/\",\"url\":\"https:\\\/\\\/diedrichsen-unternehmensberatung-wkwych5bmp.live-website.com\\\/angebot\\\/\",\"name\":\"Angebot - Diedrichsen Consulting\",\"isPartOf\":{\"@id\":\"https:\\\/\\\/diedrichsen-unternehmensberatung-wkwych5bmp.live-website.com\\\/#website\"},\"primaryImageOfPage\":{\"@id\":\"https:\\\/\\\/diedrichsen-unternehmensberatung-wkwych5bmp.live-website.com\\\/angebot\\\/#primaryimage\"},\"image\":{\"@id\":\"https:\\\/\\\/diedrichsen-unternehmensberatung-wkwych5bmp.live-website.com\\\/angebot\\\/#primaryimage\"},\"thumbnailUrl\":\"https:\\\/\\\/diedrichsen-consulting.com\\\/wp-content\\\/uploads\\\/2026\\\/02\\\/42c7f31a6b64ba7f2becfc88dea95d7cc325115d.jpg\",\"datePublished\":\"2026-02-19T00:35:56+00:00\",\"dateModified\":\"2026-02-19T16:09:50+00:00\",\"breadcrumb\":{\"@id\":\"https:\\\/\\\/diedrichsen-unternehmensberatung-wkwych5bmp.live-website.com\\\/angebot\\\/#breadcrumb\"},\"inLanguage\":\"en-US\",\"potentialAction\":[{\"@type\":\"ReadAction\",\"target\":[\"https:\\\/\\\/diedrichsen-unternehmensberatung-wkwych5bmp.live-website.com\\\/angebot\\\/\"]}]},{\"@type\":\"ImageObject\",\"inLanguage\":\"en-US\",\"@id\":\"https:\\\/\\\/diedrichsen-unternehmensberatung-wkwych5bmp.live-website.com\\\/angebot\\\/#primaryimage\",\"url\":\"https:\\\/\\\/diedrichsen-consulting.com\\\/wp-content\\\/uploads\\\/2026\\\/02\\\/42c7f31a6b64ba7f2becfc88dea95d7cc325115d.jpg\",\"contentUrl\":\"https:\\\/\\\/diedrichsen-consulting.com\\\/wp-content\\\/uploads\\\/2026\\\/02\\\/42c7f31a6b64ba7f2becfc88dea95d7cc325115d.jpg\"},{\"@type\":\"BreadcrumbList\",\"@id\":\"https:\\\/\\\/diedrichsen-unternehmensberatung-wkwych5bmp.live-website.com\\\/angebot\\\/#breadcrumb\",\"itemListElement\":[{\"@type\":\"ListItem\",\"position\":1,\"name\":\"Start\",\"item\":\"https:\\\/\\\/diedrichsen-consulting.com\\\/\"},{\"@type\":\"ListItem\",\"position\":2,\"name\":\"Angebot\"}]},{\"@type\":\"WebSite\",\"@id\":\"https:\\\/\\\/diedrichsen-unternehmensberatung-wkwych5bmp.live-website.com\\\/#website\",\"url\":\"https:\\\/\\\/diedrichsen-unternehmensberatung-wkwych5bmp.live-website.com\\\/\",\"name\":\"Diedrichsen Consulting\",\"description\":\"Eine andere WordPress-Site.\",\"potentialAction\":[{\"@type\":\"SearchAction\",\"target\":{\"@type\":\"EntryPoint\",\"urlTemplate\":\"https:\\\/\\\/diedrichsen-unternehmensberatung-wkwych5bmp.live-website.com\\\/?s={search_term_string}\"},\"query-input\":{\"@type\":\"PropertyValueSpecification\",\"valueRequired\":true,\"valueName\":\"search_term_string\"}}],\"inLanguage\":\"en-US\"}]}<\/script>\n<!-- \/ Yoast SEO plugin. -->","yoast_head_json":{"title":"Angebot - Diedrichsen Consulting","robots":{"index":"index","follow":"follow","max-snippet":"max-snippet:-1","max-image-preview":"max-image-preview:large","max-video-preview":"max-video-preview:-1"},"canonical":"https:\/\/diedrichsen-unternehmensberatung-wkwych5bmp.live-website.com\/angebot\/","og_locale":"en_US","og_type":"article","og_title":"Angebot - Diedrichsen Consulting","og_description":"Profitieren Sie von ma\u00dfgeschneiderten L\u00f6sungen und sp\u00fcrbarem Gesch\u00e4ftserfolg. Hier erfahren Sie, wie unsere Beratung und Buchhaltung Ihre Gastronomie oder Ihr KMU nachhaltig st\u00e4rkt. Optimierung Ihrer Speisekarte Steigern Sie Ihren Umsatz durch gezielte Analyse und Anpassung Ihrer Angebote f\u00fcr mehr G\u00e4stezufriedenheit. Betriebswirtschaftliche Beratung Erhalten Sie praxisnahe Empfehlungen zur Effizienzsteigerung und nachhaltigen Gewinnmaximierung. Digitalisierung Ihrer Gesch\u00e4ftsprozesse Automatisieren [&hellip;]","og_url":"https:\/\/diedrichsen-unternehmensberatung-wkwych5bmp.live-website.com\/angebot\/","og_site_name":"Diedrichsen Consulting","article_modified_time":"2026-02-19T16:09:50+00:00","og_image":[{"width":1440,"height":961,"url":"https:\/\/diedrichsen-consulting.com\/wp-content\/uploads\/2026\/02\/42c7f31a6b64ba7f2becfc88dea95d7cc325115d.jpg","type":"image\/jpeg"}],"twitter_card":"summary_large_image","twitter_misc":{"Est. reading time":"1 minute"},"schema":{"@context":"https:\/\/schema.org","@graph":[{"@type":"WebPage","@id":"https:\/\/diedrichsen-unternehmensberatung-wkwych5bmp.live-website.com\/angebot\/","url":"https:\/\/diedrichsen-unternehmensberatung-wkwych5bmp.live-website.com\/angebot\/","name":"Angebot - Diedrichsen Consulting","isPartOf":{"@id":"https:\/\/diedrichsen-unternehmensberatung-wkwych5bmp.live-website.com\/#website"},"primaryImageOfPage":{"@id":"https:\/\/diedrichsen-unternehmensberatung-wkwych5bmp.live-website.com\/angebot\/#primaryimage"},"image":{"@id":"https:\/\/diedrichsen-unternehmensberatung-wkwych5bmp.live-website.com\/angebot\/#primaryimage"},"thumbnailUrl":"https:\/\/diedrichsen-consulting.com\/wp-content\/uploads\/2026\/02\/42c7f31a6b64ba7f2becfc88dea95d7cc325115d.jpg","datePublished":"2026-02-19T00:35:56+00:00","dateModified":"2026-02-19T16:09:50+00:00","breadcrumb":{"@id":"https:\/\/diedrichsen-unternehmensberatung-wkwych5bmp.live-website.com\/angebot\/#breadcrumb"},"inLanguage":"en-US","potentialAction":[{"@type":"ReadAction","target":["https:\/\/diedrichsen-unternehmensberatung-wkwych5bmp.live-website.com\/angebot\/"]}]},{"@type":"ImageObject","inLanguage":"en-US","@id":"https:\/\/diedrichsen-unternehmensberatung-wkwych5bmp.live-website.com\/angebot\/#primaryimage","url":"https:\/\/diedrichsen-consulting.com\/wp-content\/uploads\/2026\/02\/42c7f31a6b64ba7f2becfc88dea95d7cc325115d.jpg","contentUrl":"https:\/\/diedrichsen-consulting.com\/wp-content\/uploads\/2026\/02\/42c7f31a6b64ba7f2becfc88dea95d7cc325115d.jpg"},{"@type":"BreadcrumbList","@id":"https:\/\/diedrichsen-unternehmensberatung-wkwych5bmp.live-website.com\/angebot\/#breadcrumb","itemListElement":[{"@type":"ListItem","position":1,"name":"Start","item":"https:\/\/diedrichsen-consulting.com\/"},{"@type":"ListItem","position":2,"name":"Angebot"}]},{"@type":"WebSite","@id":"https:\/\/diedrichsen-unternehmensberatung-wkwych5bmp.live-website.com\/#website","url":"https:\/\/diedrichsen-unternehmensberatung-wkwych5bmp.live-website.com\/","name":"Diedrichsen Consulting","description":"Eine andere WordPress-Site.","potentialAction":[{"@type":"SearchAction","target":{"@type":"EntryPoint","urlTemplate":"https:\/\/diedrichsen-unternehmensberatung-wkwych5bmp.live-website.com\/?s={search_term_string}"},"query-input":{"@type":"PropertyValueSpecification","valueRequired":true,"valueName":"search_term_string"}}],"inLanguage":"en-US"}]}},"_links":{"self":[{"href":"https:\/\/diedrichsen-consulting.com\/en\/wp-json\/wp\/v2\/pages\/31","targetHints":{"allow":["GET"]}}],"collection":[{"href":"https:\/\/diedrichsen-consulting.com\/en\/wp-json\/wp\/v2\/pages"}],"about":[{"href":"https:\/\/diedrichsen-consulting.com\/en\/wp-json\/wp\/v2\/types\/page"}],"author":[{"embeddable":true,"href":"https:\/\/diedrichsen-consulting.com\/en\/wp-json\/wp\/v2\/users\/1"}],"replies":[{"embeddable":true,"href":"https:\/\/diedrichsen-consulting.com\/en\/wp-json\/wp\/v2\/comments?post=31"}],"version-history":[{"count":2,"href":"https:\/\/diedrichsen-consulting.com\/en\/wp-json\/wp\/v2\/pages\/31\/revisions"}],"predecessor-version":[{"id":110,"href":"https:\/\/diedrichsen-consulting.com\/en\/wp-json\/wp\/v2\/pages\/31\/revisions\/110"}],"wp:attachment":[{"href":"https:\/\/diedrichsen-consulting.com\/en\/wp-json\/wp\/v2\/media?parent=31"}],"curies":[{"name":"wp","href":"https:\/\/api.w.org\/{rel}","templated":true}]}}