{"id":27,"date":"2026-02-19T00:35:54","date_gmt":"2026-02-19T00:35:54","guid":{"rendered":"https:\/\/diedrichsen-consulting.com\/faq\/"},"modified":"2026-02-19T16:09:48","modified_gmt":"2026-02-19T16:09:48","slug":"faq","status":"publish","type":"page","link":"https:\/\/diedrichsen-consulting.com\/en\/faq\/","title":{"rendered":"FAQ"},"content":{"rendered":"<div class=\"wp-block-group alignfull is-style-ext-preset--group--natural-1--section has-background-background-color has-background has-global-padding is-layout-constrained wp-container-core-group-is-layout-e955bbaf wp-block-group-is-layout-constrained\" id=\"h\u00e4ufig-gestellte-fragen\" style=\"margin-top:0;margin-bottom:0;padding-top:var(--wp--preset--spacing--70);padding-bottom:var(--wp--preset--spacing--70)\">\n<div class=\"wp-block-group alignwide is-vertical is-layout-flex wp-container-core-group-is-layout-c35747d5 wp-block-group-is-layout-flex\">\n<div class=\"wp-block-group has-global-padding is-layout-constrained wp-container-core-group-is-layout-2287c683 wp-block-group-is-layout-constrained\">\n<h2 class=\"wp-block-heading\">Optimierung von Speisekarten f\u00fcr mehr Gewinn<\/h2>\n\n\n\n<p>Hier beantworten wir h\u00e4ufige Fragen, um Gastronomen und Unternehmern schnell weiterzuhelfen.<\/p>\n<\/div>\n<\/div>\n\n\n\n<div class=\"wp-block-columns alignwide is-layout-flex wp-container-core-columns-is-layout-08c01c1c wp-block-columns-is-layout-flex\">\n<div class=\"wp-block-column is-layout-flow wp-container-core-column-is-layout-119bc444 wp-block-column-is-layout-flow\">\n<div class=\"wp-block-group is-style-ext-preset--group--natural-1--item-card-1--align-start has-global-padding is-layout-constrained wp-block-group-is-layout-constrained is-style-ext-preset--group--natural-1--item-card-1--align-start--2\">\n<div class=\"wp-block-group is-style-default has-global-padding is-layout-constrained wp-block-group-is-layout-constrained\">\n<h3 class=\"wp-block-heading\">Wie unterst\u00fctzt Diedrichsen Unternehmensberatung Gastronomen bei der Umsatzsteigerung?<\/h3>\n\n\n\n<p>Wir analysieren Ihr Gesch\u00e4ft und entwickeln individuelle Konzepte zur Ertragssteigerung.<\/p>\n<\/div>\n<\/div>\n<\/div>\n\n\n\n<div class=\"wp-block-column is-layout-flow wp-container-core-column-is-layout-119bc444 wp-block-column-is-layout-flow\">\n<div class=\"wp-block-group is-style-ext-preset--group--natural-1--item-card-1--align-start has-global-padding is-layout-constrained wp-block-group-is-layout-constrained is-style-ext-preset--group--natural-1--item-card-1--align-start--3\">\n<div class=\"wp-block-group is-style-default has-global-padding is-layout-constrained wp-block-group-is-layout-constrained\">\n<h3 class=\"wp-block-heading\">Welche Vorteile bietet die Digitalisierung meiner Gastronomieabl\u00e4ufe?<\/h3>\n\n\n\n<p>Durch digitale Prozesse sparen Sie Zeit und behalten Ihre Finanzen stets im Blick.<\/p>\n<\/div>\n<\/div>\n<\/div>\n<\/div>\n\n\n\n<div class=\"wp-block-columns alignwide is-layout-flex wp-container-core-columns-is-layout-967d05ff wp-block-columns-is-layout-flex\" style=\"margin-top:var(--wp--preset--spacing--40)\">\n<div class=\"wp-block-column is-layout-flow wp-container-core-column-is-layout-119bc444 wp-block-column-is-layout-flow\">\n<div class=\"wp-block-group is-style-ext-preset--group--natural-1--item-card-1--align-start has-global-padding is-layout-constrained wp-block-group-is-layout-constrained is-style-ext-preset--group--natural-1--item-card-1--align-start--4\">\n<div class=\"wp-block-group is-style-default has-global-padding is-layout-constrained wp-block-group-is-layout-constrained\">\n<h3 class=\"wp-block-heading\">Bietet Diedrichsen auch Beratung f\u00fcr Gr\u00fcnder in der Gastronomie an?<\/h3>\n\n\n\n<p>Ja, wir begleiten Gr\u00fcnder von der Planung bis zur erfolgreichen Gesch\u00e4ftser\u00f6ffnung.<\/p>\n<\/div>\n<\/div>\n<\/div>\n\n\n\n<div class=\"wp-block-column is-layout-flow wp-container-core-column-is-layout-119bc444 wp-block-column-is-layout-flow\">\n<div class=\"wp-block-group is-style-ext-preset--group--natural-1--item-card-1--align-start has-global-padding is-layout-constrained wp-block-group-is-layout-constrained is-style-ext-preset--group--natural-1--item-card-1--align-start--5\">\n<div class=\"wp-block-group is-style-default has-global-padding is-layout-constrained wp-block-group-is-layout-constrained\">\n<h3 class=\"wp-block-heading\">Wie hilft die Unternehmensberatung bei der Buchhaltung?<\/h3>\n\n\n\n<p>Wir \u00fcbernehmen die Buchhaltung und sorgen f\u00fcr transparente und korrekte Finanzdaten.<\/p>\n<\/div>\n<\/div>\n<\/div>\n<\/div>\n\n\n\n<div class=\"wp-block-columns alignwide is-layout-flex wp-container-core-columns-is-layout-967d05ff wp-block-columns-is-layout-flex\" style=\"margin-top:var(--wp--preset--spacing--40)\">\n<div class=\"wp-block-column is-layout-flow wp-container-core-column-is-layout-119bc444 wp-block-column-is-layout-flow\">\n<div class=\"wp-block-group is-style-ext-preset--group--natural-1--item-card-1--align-start has-global-padding is-layout-constrained wp-block-group-is-layout-constrained is-style-ext-preset--group--natural-1--item-card-1--align-start--6\">\n<div class=\"wp-block-group is-style-default has-global-padding is-layout-constrained wp-block-group-is-layout-constrained\">\n<h3 class=\"wp-block-heading\">Sind die Beratungsleistungen auf andere Branchen neben Gastronomie \u00fcbertragbar?<\/h3>\n\n\n\n<p>Ja, wir beraten auch KMU aus verschiedenen Branchen individuell und praxisnah.<\/p>\n<\/div>\n<\/div>\n<\/div>\n\n\n\n<div class=\"wp-block-column is-layout-flow wp-container-core-column-is-layout-119bc444 wp-block-column-is-layout-flow\">\n<div class=\"wp-block-group is-style-ext-preset--group--natural-1--item-card-1--align-start has-global-padding is-layout-constrained wp-block-group-is-layout-constrained is-style-ext-preset--group--natural-1--item-card-1--align-start--7\">\n<div class=\"wp-block-group is-style-default has-global-padding is-layout-constrained wp-block-group-is-layout-constrained\">\n<h3 class=\"wp-block-heading\">Wie kann ich einen Beratungstermin vereinbaren?<\/h3>\n\n\n\n<p>Kontaktieren Sie uns telefonisch oder per E-Mail, wir finden den passenden Termin f\u00fcr Sie.<\/p>\n<\/div>\n<\/div>\n<\/div>\n<\/div>\n<\/div>\n\n<div class=\"wp-block-group alignfull is-style-ext-preset--group--natural-1--section has-tertiary-background-color has-background has-global-padding is-layout-constrained wp-container-core-group-is-layout-843e5a6d wp-block-group-is-layout-constrained\" id=\"ueber-uns\" style=\"margin-top:0;margin-bottom:0;padding-top:var(--wp--preset--spacing--70);padding-bottom:var(--wp--preset--spacing--70)\">\n<div class=\"wp-block-group alignwide is-vertical is-content-justification-center is-layout-flex wp-container-core-group-is-layout-c9ee0c5a wp-block-group-is-layout-flex\">\n<div class=\"wp-block-group has-global-padding is-layout-constrained wp-container-core-group-is-layout-2287c683 wp-block-group-is-layout-constrained\">\n<h2 class=\"wp-block-heading has-text-align-center\">Spezialisierte Beratung f\u00fcr Gastronomie und KMU<\/h2>\n\n\n\n<p class=\"has-text-align-center\">Wir unterst\u00fctzen Gastronomen und Gr\u00fcnder mit ma\u00dfgeschneiderten L\u00f6sungen, um finanzielle Klarheit zu schaffen und nachhaltigen Gesch\u00e4ftserfolg zu sichern.<\/p>\n<\/div>\n<\/div>\n\n\n\n<figure class=\"wp-block-image is-style-ext-preset-image-natural-1-image-1--content-any is-style-ext-preset--image--natural-1--image-1--content-any is-style-ext-preset--image--natural-1--image-1--content-any--9\"><img loading=\"lazy\" decoding=\"async\" width=\"1440\" height=\"962\" class=\"wp-image-67\" src=\"https:\/\/diedrichsen-consulting.com\/wp-content\/uploads\/2026\/02\/3be200cebc6dee77326d8060d4233fd20d6ee328.jpg\" alt=\"\" style=\"aspect-ratio:4\/3;object-fit:cover\"\/><\/figure>\n<\/div>\n\n<div class=\"wp-block-group alignfull is-style-ext-preset--group--natural-1--section has-background-background-color has-background has-global-padding is-layout-constrained wp-container-core-group-is-layout-e955bbaf wp-block-group-is-layout-constrained\" id=\"dienstleistungen\" style=\"margin-top:0;margin-bottom:0;padding-top:var(--wp--preset--spacing--70);padding-bottom:var(--wp--preset--spacing--70)\">\n<div class=\"wp-block-group alignwide is-vertical is-layout-flex wp-container-core-group-is-layout-c35747d5 wp-block-group-is-layout-flex\">\n<div class=\"wp-block-group has-global-padding is-layout-constrained wp-container-core-group-is-layout-5e05634a wp-block-group-is-layout-constrained\">\n<h2 class=\"wp-block-heading\">Speisekarten-Optimierung f\u00fcr Gastronomie und KMU<\/h2>\n\n\n\n<p class=\"has-text-align-left\">Unsere Beratung bietet individuelle L\u00f6sungen mit Fokus auf Umsatzsteigerung und Digitalisierung Ihrer Prozesse.<\/p>\n<\/div>\n<\/div>\n\n\n\n<div class=\"wp-block-columns alignwide is-layout-flex wp-container-core-columns-is-layout-08c01c1c wp-block-columns-is-layout-flex\">\n<div class=\"wp-block-column is-layout-flow wp-block-column-is-layout-flow\">\n<div class=\"wp-block-group is-style-ext-preset--group--natural-1--item-card-1--align-start has-global-padding is-layout-constrained wp-block-group-is-layout-constrained is-style-ext-preset--group--natural-1--item-card-1--align-start--11\">\n<figure class=\"wp-block-image\"><img loading=\"lazy\" decoding=\"async\" width=\"1440\" height=\"961\" class=\"wp-image-102\" src=\"https:\/\/diedrichsen-consulting.com\/wp-content\/uploads\/2026\/02\/fcf0ab7a969f1842f36a81830ade200acc11ca77.jpg\" alt=\"\" style=\"aspect-ratio:4\/3;object-fit:cover\" srcset=\"https:\/\/diedrichsen-consulting.com\/wp-content\/uploads\/2026\/02\/fcf0ab7a969f1842f36a81830ade200acc11ca77.jpg 1440w, https:\/\/diedrichsen-consulting.com\/wp-content\/uploads\/2026\/02\/fcf0ab7a969f1842f36a81830ade200acc11ca77-300x200.jpg 300w, https:\/\/diedrichsen-consulting.com\/wp-content\/uploads\/2026\/02\/fcf0ab7a969f1842f36a81830ade200acc11ca77-1024x683.jpg 1024w, https:\/\/diedrichsen-consulting.com\/wp-content\/uploads\/2026\/02\/fcf0ab7a969f1842f36a81830ade200acc11ca77-768x513.jpg 768w, https:\/\/diedrichsen-consulting.com\/wp-content\/uploads\/2026\/02\/fcf0ab7a969f1842f36a81830ade200acc11ca77-18x12.jpg 18w\" sizes=\"auto, (max-width: 1440px) 100vw, 1440px\" \/><\/figure>\n\n\n\n<div class=\"wp-block-group is-style-default has-global-padding is-layout-constrained wp-block-group-is-layout-constrained\">\n<h3 class=\"wp-block-heading\">Speisekartenanalyse<\/h3>\n\n\n\n<p>Diese Leistung unterst\u00fctzt Sie dabei, Ihre Speisekarte wirtschaftlich und attraktiv zu gestalten.<\/p>\n<\/div>\n<\/div>\n<\/div>\n\n\n\n<div class=\"wp-block-column is-layout-flow wp-block-column-is-layout-flow\">\n<div class=\"wp-block-group is-style-ext-preset--group--natural-1--item-card-1--align-start has-global-padding is-layout-constrained wp-block-group-is-layout-constrained is-style-ext-preset--group--natural-1--item-card-1--align-start--12\">\n<figure class=\"wp-block-image\"><img loading=\"lazy\" decoding=\"async\" width=\"1440\" height=\"962\" class=\"wp-image-67\" src=\"https:\/\/diedrichsen-consulting.com\/wp-content\/uploads\/2026\/02\/3be200cebc6dee77326d8060d4233fd20d6ee328.jpg\" alt=\"\" style=\"aspect-ratio:4\/3;object-fit:cover\"\/><\/figure>\n\n\n\n<div class=\"wp-block-group is-style-default has-global-padding is-layout-constrained wp-block-group-is-layout-constrained\">\n<h3 class=\"wp-block-heading\">Betriebswirtschaftliche Beratung<\/h3>\n\n\n\n<p>Wir entwickeln Strategien, um Ihren Umsatz nachhaltig zu erh\u00f6hen und Kosten zu senken.<\/p>\n<\/div>\n<\/div>\n<\/div>\n\n\n\n<div class=\"wp-block-column is-layout-flow wp-block-column-is-layout-flow\">\n<div class=\"wp-block-group is-style-ext-preset--group--natural-1--item-card-1--align-start has-global-padding is-layout-constrained wp-block-group-is-layout-constrained is-style-ext-preset--group--natural-1--item-card-1--align-start--13\">\n<figure class=\"wp-block-image\"><img loading=\"lazy\" decoding=\"async\" width=\"1440\" height=\"960\" class=\"wp-image-98\" src=\"https:\/\/diedrichsen-consulting.com\/wp-content\/uploads\/2026\/02\/78cb3a5915faeb380c66f91a13aa7063b4e1bfc7.jpg\" alt=\"\" style=\"aspect-ratio:4\/3;object-fit:cover\" srcset=\"https:\/\/diedrichsen-consulting.com\/wp-content\/uploads\/2026\/02\/78cb3a5915faeb380c66f91a13aa7063b4e1bfc7.jpg 1440w, https:\/\/diedrichsen-consulting.com\/wp-content\/uploads\/2026\/02\/78cb3a5915faeb380c66f91a13aa7063b4e1bfc7-300x200.jpg 300w, https:\/\/diedrichsen-consulting.com\/wp-content\/uploads\/2026\/02\/78cb3a5915faeb380c66f91a13aa7063b4e1bfc7-1024x683.jpg 1024w, https:\/\/diedrichsen-consulting.com\/wp-content\/uploads\/2026\/02\/78cb3a5915faeb380c66f91a13aa7063b4e1bfc7-768x512.jpg 768w, https:\/\/diedrichsen-consulting.com\/wp-content\/uploads\/2026\/02\/78cb3a5915faeb380c66f91a13aa7063b4e1bfc7-18x12.jpg 18w\" sizes=\"auto, (max-width: 1440px) 100vw, 1440px\" \/><\/figure>\n\n\n\n<div class=\"wp-block-group is-style-default has-global-padding is-layout-constrained wp-block-group-is-layout-constrained\">\n<h3 class=\"wp-block-heading\">Digitalisierung von Gesch\u00e4ftsprozessen<\/h3>\n\n\n\n<p>Wir helfen Ihnen, Abl\u00e4ufe effizient zu gestalten und Ihre Finanz\u00fcbersicht zu verbessern.<\/p>\n<\/div>\n<\/div>\n<\/div>\n<\/div>\n<\/div>","protected":false},"excerpt":{"rendered":"<p>Optimierung von Speisekarten f\u00fcr mehr Gewinn Hier beantworten wir h\u00e4ufige Fragen, um Gastronomen und Unternehmern schnell weiterzuhelfen. Wie unterst\u00fctzt Diedrichsen Unternehmensberatung Gastronomen bei der Umsatzsteigerung? Wir analysieren Ihr Gesch\u00e4ft und entwickeln individuelle Konzepte zur Ertragssteigerung. Welche Vorteile bietet die Digitalisierung meiner Gastronomieabl\u00e4ufe? Durch digitale Prozesse sparen Sie Zeit und behalten Ihre Finanzen stets im Blick. [&hellip;]<\/p>\n","protected":false},"author":1,"featured_media":0,"parent":0,"menu_order":0,"comment_status":"closed","ping_status":"closed","template":"page-with-title","meta":{"_joinchat":[],"footnotes":""},"class_list":["post-27","page","type-page","status-publish","hentry"],"yoast_head":"<!-- This site is optimized with the Yoast SEO plugin v27.4 - https:\/\/yoast.com\/product\/yoast-seo-wordpress\/ -->\n<title>FAQ - Diedrichsen Consulting<\/title>\n<meta name=\"robots\" content=\"index, follow, max-snippet:-1, max-image-preview:large, max-video-preview:-1\" \/>\n<link rel=\"canonical\" href=\"https:\/\/diedrichsen-unternehmensberatung-wkwych5bmp.live-website.com\/faq\/\" \/>\n<meta property=\"og:locale\" content=\"en_US\" \/>\n<meta property=\"og:type\" content=\"article\" \/>\n<meta property=\"og:title\" content=\"FAQ - Diedrichsen Consulting\" \/>\n<meta property=\"og:description\" content=\"Optimierung von Speisekarten f\u00fcr mehr Gewinn Hier beantworten wir h\u00e4ufige Fragen, um Gastronomen und Unternehmern schnell weiterzuhelfen. Wie unterst\u00fctzt Diedrichsen Unternehmensberatung Gastronomen bei der Umsatzsteigerung? Wir analysieren Ihr Gesch\u00e4ft und entwickeln individuelle Konzepte zur Ertragssteigerung. Welche Vorteile bietet die Digitalisierung meiner Gastronomieabl\u00e4ufe? Durch digitale Prozesse sparen Sie Zeit und behalten Ihre Finanzen stets im Blick. [&hellip;]\" \/>\n<meta property=\"og:url\" content=\"https:\/\/diedrichsen-unternehmensberatung-wkwych5bmp.live-website.com\/faq\/\" \/>\n<meta property=\"og:site_name\" content=\"Diedrichsen Consulting\" \/>\n<meta property=\"article:modified_time\" content=\"2026-02-19T16:09:48+00:00\" \/>\n<meta property=\"og:image\" content=\"https:\/\/diedrichsen-consulting.com\/wp-content\/uploads\/2026\/02\/3be200cebc6dee77326d8060d4233fd20d6ee328.jpg\" \/>\n\t<meta property=\"og:image:width\" content=\"1440\" \/>\n\t<meta property=\"og:image:height\" content=\"962\" \/>\n\t<meta property=\"og:image:type\" content=\"image\/jpeg\" \/>\n<meta name=\"twitter:card\" content=\"summary_large_image\" \/>\n<meta name=\"twitter:label1\" content=\"Est. reading time\" \/>\n\t<meta name=\"twitter:data1\" content=\"1 minute\" \/>\n<script type=\"application\/ld+json\" class=\"yoast-schema-graph\">{\"@context\":\"https:\\\/\\\/schema.org\",\"@graph\":[{\"@type\":\"WebPage\",\"@id\":\"https:\\\/\\\/diedrichsen-unternehmensberatung-wkwych5bmp.live-website.com\\\/faq\\\/\",\"url\":\"https:\\\/\\\/diedrichsen-unternehmensberatung-wkwych5bmp.live-website.com\\\/faq\\\/\",\"name\":\"FAQ - Diedrichsen Consulting\",\"isPartOf\":{\"@id\":\"https:\\\/\\\/diedrichsen-unternehmensberatung-wkwych5bmp.live-website.com\\\/#website\"},\"primaryImageOfPage\":{\"@id\":\"https:\\\/\\\/diedrichsen-unternehmensberatung-wkwych5bmp.live-website.com\\\/faq\\\/#primaryimage\"},\"image\":{\"@id\":\"https:\\\/\\\/diedrichsen-unternehmensberatung-wkwych5bmp.live-website.com\\\/faq\\\/#primaryimage\"},\"thumbnailUrl\":\"https:\\\/\\\/diedrichsen-consulting.com\\\/wp-content\\\/uploads\\\/2026\\\/02\\\/3be200cebc6dee77326d8060d4233fd20d6ee328.jpg\",\"datePublished\":\"2026-02-19T00:35:54+00:00\",\"dateModified\":\"2026-02-19T16:09:48+00:00\",\"breadcrumb\":{\"@id\":\"https:\\\/\\\/diedrichsen-unternehmensberatung-wkwych5bmp.live-website.com\\\/faq\\\/#breadcrumb\"},\"inLanguage\":\"en-US\",\"potentialAction\":[{\"@type\":\"ReadAction\",\"target\":[\"https:\\\/\\\/diedrichsen-unternehmensberatung-wkwych5bmp.live-website.com\\\/faq\\\/\"]}]},{\"@type\":\"ImageObject\",\"inLanguage\":\"en-US\",\"@id\":\"https:\\\/\\\/diedrichsen-unternehmensberatung-wkwych5bmp.live-website.com\\\/faq\\\/#primaryimage\",\"url\":\"https:\\\/\\\/diedrichsen-consulting.com\\\/wp-content\\\/uploads\\\/2026\\\/02\\\/3be200cebc6dee77326d8060d4233fd20d6ee328.jpg\",\"contentUrl\":\"https:\\\/\\\/diedrichsen-consulting.com\\\/wp-content\\\/uploads\\\/2026\\\/02\\\/3be200cebc6dee77326d8060d4233fd20d6ee328.jpg\"},{\"@type\":\"BreadcrumbList\",\"@id\":\"https:\\\/\\\/diedrichsen-unternehmensberatung-wkwych5bmp.live-website.com\\\/faq\\\/#breadcrumb\",\"itemListElement\":[{\"@type\":\"ListItem\",\"position\":1,\"name\":\"Start\",\"item\":\"https:\\\/\\\/diedrichsen-consulting.com\\\/\"},{\"@type\":\"ListItem\",\"position\":2,\"name\":\"FAQ\"}]},{\"@type\":\"WebSite\",\"@id\":\"https:\\\/\\\/diedrichsen-unternehmensberatung-wkwych5bmp.live-website.com\\\/#website\",\"url\":\"https:\\\/\\\/diedrichsen-unternehmensberatung-wkwych5bmp.live-website.com\\\/\",\"name\":\"Diedrichsen Consulting\",\"description\":\"Eine andere WordPress-Site.\",\"potentialAction\":[{\"@type\":\"SearchAction\",\"target\":{\"@type\":\"EntryPoint\",\"urlTemplate\":\"https:\\\/\\\/diedrichsen-unternehmensberatung-wkwych5bmp.live-website.com\\\/?s={search_term_string}\"},\"query-input\":{\"@type\":\"PropertyValueSpecification\",\"valueRequired\":true,\"valueName\":\"search_term_string\"}}],\"inLanguage\":\"en-US\"}]}<\/script>\n<!-- \/ Yoast SEO plugin. -->","yoast_head_json":{"title":"FAQ - Diedrichsen Consulting","robots":{"index":"index","follow":"follow","max-snippet":"max-snippet:-1","max-image-preview":"max-image-preview:large","max-video-preview":"max-video-preview:-1"},"canonical":"https:\/\/diedrichsen-unternehmensberatung-wkwych5bmp.live-website.com\/faq\/","og_locale":"en_US","og_type":"article","og_title":"FAQ - Diedrichsen Consulting","og_description":"Optimierung von Speisekarten f\u00fcr mehr Gewinn Hier beantworten wir h\u00e4ufige Fragen, um Gastronomen und Unternehmern schnell weiterzuhelfen. Wie unterst\u00fctzt Diedrichsen Unternehmensberatung Gastronomen bei der Umsatzsteigerung? Wir analysieren Ihr Gesch\u00e4ft und entwickeln individuelle Konzepte zur Ertragssteigerung. Welche Vorteile bietet die Digitalisierung meiner Gastronomieabl\u00e4ufe? Durch digitale Prozesse sparen Sie Zeit und behalten Ihre Finanzen stets im Blick. [&hellip;]","og_url":"https:\/\/diedrichsen-unternehmensberatung-wkwych5bmp.live-website.com\/faq\/","og_site_name":"Diedrichsen Consulting","article_modified_time":"2026-02-19T16:09:48+00:00","og_image":[{"width":1440,"height":962,"url":"https:\/\/diedrichsen-consulting.com\/wp-content\/uploads\/2026\/02\/3be200cebc6dee77326d8060d4233fd20d6ee328.jpg","type":"image\/jpeg"}],"twitter_card":"summary_large_image","twitter_misc":{"Est. reading time":"1 minute"},"schema":{"@context":"https:\/\/schema.org","@graph":[{"@type":"WebPage","@id":"https:\/\/diedrichsen-unternehmensberatung-wkwych5bmp.live-website.com\/faq\/","url":"https:\/\/diedrichsen-unternehmensberatung-wkwych5bmp.live-website.com\/faq\/","name":"FAQ - Diedrichsen Consulting","isPartOf":{"@id":"https:\/\/diedrichsen-unternehmensberatung-wkwych5bmp.live-website.com\/#website"},"primaryImageOfPage":{"@id":"https:\/\/diedrichsen-unternehmensberatung-wkwych5bmp.live-website.com\/faq\/#primaryimage"},"image":{"@id":"https:\/\/diedrichsen-unternehmensberatung-wkwych5bmp.live-website.com\/faq\/#primaryimage"},"thumbnailUrl":"https:\/\/diedrichsen-consulting.com\/wp-content\/uploads\/2026\/02\/3be200cebc6dee77326d8060d4233fd20d6ee328.jpg","datePublished":"2026-02-19T00:35:54+00:00","dateModified":"2026-02-19T16:09:48+00:00","breadcrumb":{"@id":"https:\/\/diedrichsen-unternehmensberatung-wkwych5bmp.live-website.com\/faq\/#breadcrumb"},"inLanguage":"en-US","potentialAction":[{"@type":"ReadAction","target":["https:\/\/diedrichsen-unternehmensberatung-wkwych5bmp.live-website.com\/faq\/"]}]},{"@type":"ImageObject","inLanguage":"en-US","@id":"https:\/\/diedrichsen-unternehmensberatung-wkwych5bmp.live-website.com\/faq\/#primaryimage","url":"https:\/\/diedrichsen-consulting.com\/wp-content\/uploads\/2026\/02\/3be200cebc6dee77326d8060d4233fd20d6ee328.jpg","contentUrl":"https:\/\/diedrichsen-consulting.com\/wp-content\/uploads\/2026\/02\/3be200cebc6dee77326d8060d4233fd20d6ee328.jpg"},{"@type":"BreadcrumbList","@id":"https:\/\/diedrichsen-unternehmensberatung-wkwych5bmp.live-website.com\/faq\/#breadcrumb","itemListElement":[{"@type":"ListItem","position":1,"name":"Start","item":"https:\/\/diedrichsen-consulting.com\/"},{"@type":"ListItem","position":2,"name":"FAQ"}]},{"@type":"WebSite","@id":"https:\/\/diedrichsen-unternehmensberatung-wkwych5bmp.live-website.com\/#website","url":"https:\/\/diedrichsen-unternehmensberatung-wkwych5bmp.live-website.com\/","name":"Diedrichsen Consulting","description":"Eine andere WordPress-Site.","potentialAction":[{"@type":"SearchAction","target":{"@type":"EntryPoint","urlTemplate":"https:\/\/diedrichsen-unternehmensberatung-wkwych5bmp.live-website.com\/?s={search_term_string}"},"query-input":{"@type":"PropertyValueSpecification","valueRequired":true,"valueName":"search_term_string"}}],"inLanguage":"en-US"}]}},"_links":{"self":[{"href":"https:\/\/diedrichsen-consulting.com\/en\/wp-json\/wp\/v2\/pages\/27","targetHints":{"allow":["GET"]}}],"collection":[{"href":"https:\/\/diedrichsen-consulting.com\/en\/wp-json\/wp\/v2\/pages"}],"about":[{"href":"https:\/\/diedrichsen-consulting.com\/en\/wp-json\/wp\/v2\/types\/page"}],"author":[{"embeddable":true,"href":"https:\/\/diedrichsen-consulting.com\/en\/wp-json\/wp\/v2\/users\/1"}],"replies":[{"embeddable":true,"href":"https:\/\/diedrichsen-consulting.com\/en\/wp-json\/wp\/v2\/comments?post=27"}],"version-history":[{"count":1,"href":"https:\/\/diedrichsen-consulting.com\/en\/wp-json\/wp\/v2\/pages\/27\/revisions"}],"predecessor-version":[{"id":103,"href":"https:\/\/diedrichsen-consulting.com\/en\/wp-json\/wp\/v2\/pages\/27\/revisions\/103"}],"wp:attachment":[{"href":"https:\/\/diedrichsen-consulting.com\/en\/wp-json\/wp\/v2\/media?parent=27"}],"curies":[{"name":"wp","href":"https:\/\/api.w.org\/{rel}","templated":true}]}}