{"id":25,"date":"2026-02-19T00:35:53","date_gmt":"2026-02-19T00:35:53","guid":{"rendered":"https:\/\/diedrichsen-consulting.com\/ueber\/"},"modified":"2026-02-19T16:09:47","modified_gmt":"2026-02-19T16:09:47","slug":"ueber","status":"publish","type":"page","link":"https:\/\/diedrichsen-consulting.com\/en\/ueber\/","title":{"rendered":"\u00dcber"},"content":{"rendered":"<div class=\"wp-block-group alignfull is-style-ext-preset--group--natural-1--section has-background-background-color has-background has-global-padding is-layout-constrained wp-container-core-group-is-layout-843e5a6d wp-block-group-is-layout-constrained\" id=\"ueber-uns\" style=\"margin-top:0;margin-bottom:0;padding-top:var(--wp--preset--spacing--70);padding-bottom:var(--wp--preset--spacing--70)\">\n<div class=\"wp-block-group alignwide is-vertical is-content-justification-center is-layout-flex wp-container-core-group-is-layout-c9ee0c5a wp-block-group-is-layout-flex\">\n<div class=\"wp-block-group has-global-padding is-layout-constrained wp-container-core-group-is-layout-2287c683 wp-block-group-is-layout-constrained\">\n<h2 class=\"wp-block-heading has-text-align-center\">Spezialisierte Beratung f\u00fcr Gastronomie und KMU<\/h2>\n\n\n\n<p class=\"has-text-align-center\">Diedrichsen Unternehmensberatung unterst\u00fctzt Gastronomen und Gr\u00fcnder mit ma\u00dfgeschneiderter Beratung, um finanzielle Klarheit zu schaffen und nachhaltiges Wachstum zu f\u00f6rdern.<\/p>\n<\/div>\n<\/div>\n\n\n\n<figure class=\"wp-block-image is-style-ext-preset-image-natural-1-image-1--content-any is-style-ext-preset--image--natural-1--image-1--content-any is-style-ext-preset--image--natural-1--image-1--content-any--2\"><img loading=\"lazy\" decoding=\"async\" width=\"1440\" height=\"962\" class=\"wp-image-67\" src=\"https:\/\/diedrichsen-consulting.com\/wp-content\/uploads\/2026\/02\/3be200cebc6dee77326d8060d4233fd20d6ee328.jpg\" alt=\"\" style=\"aspect-ratio:4\/3;object-fit:cover\"\/><\/figure>\n<\/div>\n\n<div class=\"wp-block-group alignfull is-style-ext-preset--group--natural-1--section has-tertiary-background-color has-background has-global-padding is-layout-constrained wp-container-core-group-is-layout-e955bbaf wp-block-group-is-layout-constrained\" style=\"margin-top:0;margin-bottom:0;padding-top:var(--wp--preset--spacing--70);padding-bottom:var(--wp--preset--spacing--70)\">\n<div class=\"wp-block-group alignwide is-vertical is-content-justification-center is-layout-flex wp-container-core-group-is-layout-c9ee0c5a wp-block-group-is-layout-flex\">\n<div class=\"wp-block-group has-global-padding is-layout-constrained wp-container-core-group-is-layout-5e05634a wp-block-group-is-layout-constrained\">\n<h2 class=\"wp-block-heading has-text-align-center\">Beratung und Buchhaltung f\u00fcr Gastronomen<\/h2>\n\n\n\n<p class=\"has-text-align-center\">Erfahren Sie, wie wir Umsatz steigern und Prozesse effizienter gestalten.<\/p>\n<\/div>\n<\/div>\n\n\n\n<div class=\"wp-block-columns alignwide is-layout-flex wp-container-core-columns-is-layout-08c01c1c wp-block-columns-is-layout-flex\">\n<div class=\"wp-block-column is-vertically-aligned-stretch is-layout-flow wp-container-core-column-is-layout-f5bb311e wp-block-column-is-layout-flow\">\n<div class=\"wp-block-group is-style-ext-preset--group--natural-1--item-card-1--align-center has-global-padding is-layout-constrained wp-block-group-is-layout-constrained is-style-ext-preset--group--natural-1--item-card-1--align-center--4\">\n<div class=\"wp-block-group is-style-default has-global-padding is-layout-constrained wp-block-group-is-layout-constrained\">\n<h3 class=\"wp-block-heading has-primary-color has-text-color has-link-color has-x-large-font-size wp-elements-a2e2a815aa99b2d913d492e35eb4d42a\">85<\/h3>\n\n\n\n<h3 class=\"wp-block-heading\">Kundenzufriedenheit<\/h3>\n\n\n\n<p>\u00dcber 85 zufriedene Gastronomen vertrauen auf unsere Expertise.<\/p>\n<\/div>\n<\/div>\n<\/div>\n\n\n\n<div class=\"wp-block-column is-vertically-aligned-stretch is-layout-flow wp-container-core-column-is-layout-f5bb311e wp-block-column-is-layout-flow\">\n<div class=\"wp-block-group is-style-ext-preset--group--natural-1--item-card-1--align-center has-global-padding is-layout-constrained wp-block-group-is-layout-constrained is-style-ext-preset--group--natural-1--item-card-1--align-center--5\">\n<div class=\"wp-block-group is-style-default has-global-padding is-layout-constrained wp-block-group-is-layout-constrained\">\n<h3 class=\"wp-block-heading has-primary-color has-text-color has-link-color has-x-large-font-size wp-elements-6d4c074d229a762a97dfcd71cbb2555a\">150<\/h3>\n\n\n\n<h3 class=\"wp-block-heading\">Digitalisierte Prozesse<\/h3>\n\n\n\n<p>150 Unternehmen optimieren ihre Abl\u00e4ufe mit unserer Hilfe.<\/p>\n<\/div>\n<\/div>\n<\/div>\n\n\n\n<div class=\"wp-block-column is-vertically-aligned-stretch is-layout-flow wp-container-core-column-is-layout-f5bb311e wp-block-column-is-layout-flow\">\n<div class=\"wp-block-group is-style-ext-preset--group--natural-1--item-card-1--align-center has-global-padding is-layout-constrained wp-block-group-is-layout-constrained is-style-ext-preset--group--natural-1--item-card-1--align-center--6\">\n<div class=\"wp-block-group is-style-default has-global-padding is-layout-constrained wp-block-group-is-layout-constrained\">\n<h3 class=\"wp-block-heading has-primary-color has-text-color has-link-color has-x-large-font-size wp-elements-895962ba88b4001f673c0e224ed08d86\">75<\/h3>\n\n\n\n<h3 class=\"wp-block-heading\">Umsatzsteigerung<\/h3>\n\n\n\n<p>75 Prozent unserer Kunden konnten ihren Umsatz nachhaltig erh\u00f6hen.<\/p>\n<\/div>\n<\/div>\n<\/div>\n<\/div>\n<\/div>\n\n<div class=\"wp-block-group alignfull is-style-ext-preset--group--natural-1--section has-background-background-color has-background has-global-padding is-layout-constrained wp-container-core-group-is-layout-e955bbaf wp-block-group-is-layout-constrained\" style=\"margin-top:0;margin-bottom:0;padding-top:var(--wp--preset--spacing--70);padding-bottom:var(--wp--preset--spacing--70)\">\n<div class=\"wp-block-group alignwide is-vertical is-content-justification-center is-layout-flex wp-container-core-group-is-layout-c9ee0c5a wp-block-group-is-layout-flex\">\n<div class=\"wp-block-group has-global-padding is-layout-constrained wp-container-core-group-is-layout-5e05634a wp-block-group-is-layout-constrained\">\n<h2 class=\"wp-block-heading has-text-align-center\">Optimieren Sie Ihren Erfolg mit ma\u00dfgeschneiderter Beratung.<\/h2>\n\n\n\n<p class=\"has-text-align-center\">Unsere Expertise unterst\u00fctzt Gastronomen und KMU bei Umsatzsteigerung und Prozessdigitalisierung.<\/p>\n<\/div>\n<\/div>\n\n\n\n<div class=\"wp-block-columns alignwide is-layout-flex wp-container-core-columns-is-layout-08c01c1c wp-block-columns-is-layout-flex\">\n<div class=\"wp-block-column is-vertically-aligned-stretch is-layout-flow wp-container-core-column-is-layout-f5bb311e wp-block-column-is-layout-flow\">\n<div class=\"wp-block-group is-style-ext-preset--group--natural-1--item-card-1--align-center has-global-padding is-layout-constrained wp-block-group-is-layout-constrained is-style-ext-preset--group--natural-1--item-card-1--align-center--8\">\n<figure class=\"wp-block-image aligncenter size-large ext-aspect-landscape\"><img loading=\"lazy\" decoding=\"async\" width=\"1440\" height=\"961\" class=\"wp-image-97\" src=\"https:\/\/diedrichsen-consulting.com\/wp-content\/uploads\/2026\/02\/42c7f31a6b64ba7f2becfc88dea95d7cc325115d.jpg\" alt=\"\" style=\"aspect-ratio:4\/3;object-fit:cover\" srcset=\"https:\/\/diedrichsen-consulting.com\/wp-content\/uploads\/2026\/02\/42c7f31a6b64ba7f2becfc88dea95d7cc325115d.jpg 1440w, https:\/\/diedrichsen-consulting.com\/wp-content\/uploads\/2026\/02\/42c7f31a6b64ba7f2becfc88dea95d7cc325115d-300x200.jpg 300w, https:\/\/diedrichsen-consulting.com\/wp-content\/uploads\/2026\/02\/42c7f31a6b64ba7f2becfc88dea95d7cc325115d-1024x683.jpg 1024w, https:\/\/diedrichsen-consulting.com\/wp-content\/uploads\/2026\/02\/42c7f31a6b64ba7f2becfc88dea95d7cc325115d-768x513.jpg 768w, https:\/\/diedrichsen-consulting.com\/wp-content\/uploads\/2026\/02\/42c7f31a6b64ba7f2becfc88dea95d7cc325115d-18x12.jpg 18w\" sizes=\"auto, (max-width: 1440px) 100vw, 1440px\" \/><\/figure>\n\n\n\n<div class=\"wp-block-group is-style-default has-global-padding is-layout-constrained wp-block-group-is-layout-constrained\">\n<h3 class=\"wp-block-heading has-text-align-center\">Optimierung von Speisekarten<\/h3>\n\n\n\n<p class=\"has-text-align-center\">Wir analysieren Ihre Speisekarte, um Gewinnspannen zu erh\u00f6hen und Kundenbindung zu st\u00e4rken.<\/p>\n<\/div>\n<\/div>\n<\/div>\n\n\n\n<div class=\"wp-block-column is-vertically-aligned-stretch is-layout-flow wp-container-core-column-is-layout-f5bb311e wp-block-column-is-layout-flow\">\n<div class=\"wp-block-group is-style-ext-preset--group--natural-1--item-card-1--align-center has-global-padding is-layout-constrained wp-block-group-is-layout-constrained is-style-ext-preset--group--natural-1--item-card-1--align-center--9\">\n<figure class=\"wp-block-image aligncenter size-large ext-aspect-landscape\"><img loading=\"lazy\" decoding=\"async\" width=\"1440\" height=\"960\" class=\"wp-image-98\" src=\"https:\/\/diedrichsen-consulting.com\/wp-content\/uploads\/2026\/02\/78cb3a5915faeb380c66f91a13aa7063b4e1bfc7.jpg\" alt=\"\" style=\"aspect-ratio:4\/3;object-fit:cover\" srcset=\"https:\/\/diedrichsen-consulting.com\/wp-content\/uploads\/2026\/02\/78cb3a5915faeb380c66f91a13aa7063b4e1bfc7.jpg 1440w, https:\/\/diedrichsen-consulting.com\/wp-content\/uploads\/2026\/02\/78cb3a5915faeb380c66f91a13aa7063b4e1bfc7-300x200.jpg 300w, https:\/\/diedrichsen-consulting.com\/wp-content\/uploads\/2026\/02\/78cb3a5915faeb380c66f91a13aa7063b4e1bfc7-1024x683.jpg 1024w, https:\/\/diedrichsen-consulting.com\/wp-content\/uploads\/2026\/02\/78cb3a5915faeb380c66f91a13aa7063b4e1bfc7-768x512.jpg 768w, https:\/\/diedrichsen-consulting.com\/wp-content\/uploads\/2026\/02\/78cb3a5915faeb380c66f91a13aa7063b4e1bfc7-18x12.jpg 18w\" sizes=\"auto, (max-width: 1440px) 100vw, 1440px\" \/><\/figure>\n\n\n\n<div class=\"wp-block-group is-style-default has-global-padding is-layout-constrained wp-block-group-is-layout-constrained\">\n<h3 class=\"wp-block-heading has-text-align-center\">Betriebswirtschaftliche Beratung<\/h3>\n\n\n\n<p class=\"has-text-align-center\">Wir bieten individuelle Beratung, um Ihre Ums\u00e4tze gezielt zu steigern und Kosten zu reduzieren.<\/p>\n<\/div>\n<\/div>\n<\/div>\n\n\n\n<div class=\"wp-block-column is-vertically-aligned-stretch is-layout-flow wp-container-core-column-is-layout-f5bb311e wp-block-column-is-layout-flow\">\n<div class=\"wp-block-group is-style-ext-preset--group--natural-1--item-card-1--align-center has-global-padding is-layout-constrained wp-block-group-is-layout-constrained is-style-ext-preset--group--natural-1--item-card-1--align-center--10\">\n<figure class=\"wp-block-image aligncenter size-large ext-aspect-landscape\"><img loading=\"lazy\" decoding=\"async\" width=\"1440\" height=\"1050\" class=\"wp-image-99\" src=\"https:\/\/diedrichsen-consulting.com\/wp-content\/uploads\/2026\/02\/f378ea25a9fd07af0ba4e1844226dcab87a6417d.jpg\" alt=\"\" style=\"aspect-ratio:4\/3;object-fit:cover\" srcset=\"https:\/\/diedrichsen-consulting.com\/wp-content\/uploads\/2026\/02\/f378ea25a9fd07af0ba4e1844226dcab87a6417d.jpg 1440w, https:\/\/diedrichsen-consulting.com\/wp-content\/uploads\/2026\/02\/f378ea25a9fd07af0ba4e1844226dcab87a6417d-300x219.jpg 300w, https:\/\/diedrichsen-consulting.com\/wp-content\/uploads\/2026\/02\/f378ea25a9fd07af0ba4e1844226dcab87a6417d-1024x747.jpg 1024w, https:\/\/diedrichsen-consulting.com\/wp-content\/uploads\/2026\/02\/f378ea25a9fd07af0ba4e1844226dcab87a6417d-768x560.jpg 768w, https:\/\/diedrichsen-consulting.com\/wp-content\/uploads\/2026\/02\/f378ea25a9fd07af0ba4e1844226dcab87a6417d-16x12.jpg 16w\" sizes=\"auto, (max-width: 1440px) 100vw, 1440px\" \/><\/figure>\n\n\n\n<div class=\"wp-block-group is-style-default has-global-padding is-layout-constrained wp-block-group-is-layout-constrained\">\n<h3 class=\"wp-block-heading\">Digitalisierung von Gesch\u00e4ftsprozessen<\/h3>\n\n\n\n<p class=\"has-text-align-center\">Wir helfen bei der Einf\u00fchrung digitaler L\u00f6sungen, um Abl\u00e4ufe effizienter zu gestalten und Zeit zu sparen.<\/p>\n<\/div>\n<\/div>\n<\/div>\n<\/div>\n\n\n\n<div class=\"wp-block-buttons is-content-justification-center is-layout-flex wp-container-core-buttons-is-layout-a89b3969 wp-block-buttons-is-layout-flex\">\n<div class=\"wp-block-button is-style-ext-preset--button--natural-1--button-1 is-style-ext-preset--button--natural-1--button-1--11\"><a class=\"wp-block-button__link wp-element-button\" href=\"https:\/\/diedrichsen-consulting.com\/en\/dienstleistungen\/\">Mehr erfahren<\/a><\/div>\n<\/div>\n<\/div>","protected":false},"excerpt":{"rendered":"<p>Spezialisierte Beratung f\u00fcr Gastronomie und KMU Diedrichsen Unternehmensberatung unterst\u00fctzt Gastronomen und Gr\u00fcnder mit ma\u00dfgeschneiderter Beratung, um finanzielle Klarheit zu schaffen und nachhaltiges Wachstum zu f\u00f6rdern. Beratung und Buchhaltung f\u00fcr Gastronomen Erfahren Sie, wie wir Umsatz steigern und Prozesse effizienter gestalten. 85 Kundenzufriedenheit \u00dcber 85 zufriedene Gastronomen vertrauen auf unsere Expertise. 150 Digitalisierte Prozesse 150 Unternehmen [&hellip;]<\/p>\n","protected":false},"author":1,"featured_media":0,"parent":0,"menu_order":0,"comment_status":"closed","ping_status":"closed","template":"page-with-title","meta":{"_joinchat":[],"footnotes":""},"class_list":["post-25","page","type-page","status-publish","hentry"],"yoast_head":"<!-- This site is optimized with the Yoast SEO plugin v27.4 - https:\/\/yoast.com\/product\/yoast-seo-wordpress\/ -->\n<title>\u00dcber - Diedrichsen Consulting<\/title>\n<meta name=\"robots\" content=\"index, follow, max-snippet:-1, max-image-preview:large, max-video-preview:-1\" \/>\n<link rel=\"canonical\" href=\"https:\/\/diedrichsen-unternehmensberatung-wkwych5bmp.live-website.com\/ueber\/\" \/>\n<meta property=\"og:locale\" content=\"en_US\" \/>\n<meta property=\"og:type\" content=\"article\" \/>\n<meta property=\"og:title\" content=\"\u00dcber - Diedrichsen Consulting\" \/>\n<meta property=\"og:description\" content=\"Spezialisierte Beratung f\u00fcr Gastronomie und KMU Diedrichsen Unternehmensberatung unterst\u00fctzt Gastronomen und Gr\u00fcnder mit ma\u00dfgeschneiderter Beratung, um finanzielle Klarheit zu schaffen und nachhaltiges Wachstum zu f\u00f6rdern. Beratung und Buchhaltung f\u00fcr Gastronomen Erfahren Sie, wie wir Umsatz steigern und Prozesse effizienter gestalten. 85 Kundenzufriedenheit \u00dcber 85 zufriedene Gastronomen vertrauen auf unsere Expertise. 150 Digitalisierte Prozesse 150 Unternehmen [&hellip;]\" \/>\n<meta property=\"og:url\" content=\"https:\/\/diedrichsen-unternehmensberatung-wkwych5bmp.live-website.com\/ueber\/\" \/>\n<meta property=\"og:site_name\" content=\"Diedrichsen Consulting\" \/>\n<meta property=\"article:modified_time\" content=\"2026-02-19T16:09:47+00:00\" \/>\n<meta property=\"og:image\" content=\"https:\/\/diedrichsen-consulting.com\/wp-content\/uploads\/2026\/02\/3be200cebc6dee77326d8060d4233fd20d6ee328.jpg\" \/>\n\t<meta property=\"og:image:width\" content=\"1440\" \/>\n\t<meta property=\"og:image:height\" content=\"962\" \/>\n\t<meta property=\"og:image:type\" content=\"image\/jpeg\" \/>\n<meta name=\"twitter:card\" content=\"summary_large_image\" \/>\n<meta name=\"twitter:label1\" content=\"Est. reading time\" \/>\n\t<meta name=\"twitter:data1\" content=\"1 minute\" \/>\n<script type=\"application\/ld+json\" class=\"yoast-schema-graph\">{\"@context\":\"https:\\\/\\\/schema.org\",\"@graph\":[{\"@type\":\"WebPage\",\"@id\":\"https:\\\/\\\/diedrichsen-unternehmensberatung-wkwych5bmp.live-website.com\\\/ueber\\\/\",\"url\":\"https:\\\/\\\/diedrichsen-unternehmensberatung-wkwych5bmp.live-website.com\\\/ueber\\\/\",\"name\":\"\u00dcber - Diedrichsen Consulting\",\"isPartOf\":{\"@id\":\"https:\\\/\\\/diedrichsen-unternehmensberatung-wkwych5bmp.live-website.com\\\/#website\"},\"primaryImageOfPage\":{\"@id\":\"https:\\\/\\\/diedrichsen-unternehmensberatung-wkwych5bmp.live-website.com\\\/ueber\\\/#primaryimage\"},\"image\":{\"@id\":\"https:\\\/\\\/diedrichsen-unternehmensberatung-wkwych5bmp.live-website.com\\\/ueber\\\/#primaryimage\"},\"thumbnailUrl\":\"https:\\\/\\\/diedrichsen-consulting.com\\\/wp-content\\\/uploads\\\/2026\\\/02\\\/3be200cebc6dee77326d8060d4233fd20d6ee328.jpg\",\"datePublished\":\"2026-02-19T00:35:53+00:00\",\"dateModified\":\"2026-02-19T16:09:47+00:00\",\"breadcrumb\":{\"@id\":\"https:\\\/\\\/diedrichsen-unternehmensberatung-wkwych5bmp.live-website.com\\\/ueber\\\/#breadcrumb\"},\"inLanguage\":\"en-US\",\"potentialAction\":[{\"@type\":\"ReadAction\",\"target\":[\"https:\\\/\\\/diedrichsen-unternehmensberatung-wkwych5bmp.live-website.com\\\/ueber\\\/\"]}]},{\"@type\":\"ImageObject\",\"inLanguage\":\"en-US\",\"@id\":\"https:\\\/\\\/diedrichsen-unternehmensberatung-wkwych5bmp.live-website.com\\\/ueber\\\/#primaryimage\",\"url\":\"https:\\\/\\\/diedrichsen-consulting.com\\\/wp-content\\\/uploads\\\/2026\\\/02\\\/3be200cebc6dee77326d8060d4233fd20d6ee328.jpg\",\"contentUrl\":\"https:\\\/\\\/diedrichsen-consulting.com\\\/wp-content\\\/uploads\\\/2026\\\/02\\\/3be200cebc6dee77326d8060d4233fd20d6ee328.jpg\"},{\"@type\":\"BreadcrumbList\",\"@id\":\"https:\\\/\\\/diedrichsen-unternehmensberatung-wkwych5bmp.live-website.com\\\/ueber\\\/#breadcrumb\",\"itemListElement\":[{\"@type\":\"ListItem\",\"position\":1,\"name\":\"Start\",\"item\":\"https:\\\/\\\/diedrichsen-consulting.com\\\/\"},{\"@type\":\"ListItem\",\"position\":2,\"name\":\"\u00dcber\"}]},{\"@type\":\"WebSite\",\"@id\":\"https:\\\/\\\/diedrichsen-unternehmensberatung-wkwych5bmp.live-website.com\\\/#website\",\"url\":\"https:\\\/\\\/diedrichsen-unternehmensberatung-wkwych5bmp.live-website.com\\\/\",\"name\":\"Diedrichsen Consulting\",\"description\":\"Eine andere WordPress-Site.\",\"potentialAction\":[{\"@type\":\"SearchAction\",\"target\":{\"@type\":\"EntryPoint\",\"urlTemplate\":\"https:\\\/\\\/diedrichsen-unternehmensberatung-wkwych5bmp.live-website.com\\\/?s={search_term_string}\"},\"query-input\":{\"@type\":\"PropertyValueSpecification\",\"valueRequired\":true,\"valueName\":\"search_term_string\"}}],\"inLanguage\":\"en-US\"}]}<\/script>\n<!-- \/ Yoast SEO plugin. -->","yoast_head_json":{"title":"\u00dcber - Diedrichsen Consulting","robots":{"index":"index","follow":"follow","max-snippet":"max-snippet:-1","max-image-preview":"max-image-preview:large","max-video-preview":"max-video-preview:-1"},"canonical":"https:\/\/diedrichsen-unternehmensberatung-wkwych5bmp.live-website.com\/ueber\/","og_locale":"en_US","og_type":"article","og_title":"\u00dcber - Diedrichsen Consulting","og_description":"Spezialisierte Beratung f\u00fcr Gastronomie und KMU Diedrichsen Unternehmensberatung unterst\u00fctzt Gastronomen und Gr\u00fcnder mit ma\u00dfgeschneiderter Beratung, um finanzielle Klarheit zu schaffen und nachhaltiges Wachstum zu f\u00f6rdern. Beratung und Buchhaltung f\u00fcr Gastronomen Erfahren Sie, wie wir Umsatz steigern und Prozesse effizienter gestalten. 85 Kundenzufriedenheit \u00dcber 85 zufriedene Gastronomen vertrauen auf unsere Expertise. 150 Digitalisierte Prozesse 150 Unternehmen [&hellip;]","og_url":"https:\/\/diedrichsen-unternehmensberatung-wkwych5bmp.live-website.com\/ueber\/","og_site_name":"Diedrichsen Consulting","article_modified_time":"2026-02-19T16:09:47+00:00","og_image":[{"width":1440,"height":962,"url":"https:\/\/diedrichsen-consulting.com\/wp-content\/uploads\/2026\/02\/3be200cebc6dee77326d8060d4233fd20d6ee328.jpg","type":"image\/jpeg"}],"twitter_card":"summary_large_image","twitter_misc":{"Est. reading time":"1 minute"},"schema":{"@context":"https:\/\/schema.org","@graph":[{"@type":"WebPage","@id":"https:\/\/diedrichsen-unternehmensberatung-wkwych5bmp.live-website.com\/ueber\/","url":"https:\/\/diedrichsen-unternehmensberatung-wkwych5bmp.live-website.com\/ueber\/","name":"\u00dcber - Diedrichsen Consulting","isPartOf":{"@id":"https:\/\/diedrichsen-unternehmensberatung-wkwych5bmp.live-website.com\/#website"},"primaryImageOfPage":{"@id":"https:\/\/diedrichsen-unternehmensberatung-wkwych5bmp.live-website.com\/ueber\/#primaryimage"},"image":{"@id":"https:\/\/diedrichsen-unternehmensberatung-wkwych5bmp.live-website.com\/ueber\/#primaryimage"},"thumbnailUrl":"https:\/\/diedrichsen-consulting.com\/wp-content\/uploads\/2026\/02\/3be200cebc6dee77326d8060d4233fd20d6ee328.jpg","datePublished":"2026-02-19T00:35:53+00:00","dateModified":"2026-02-19T16:09:47+00:00","breadcrumb":{"@id":"https:\/\/diedrichsen-unternehmensberatung-wkwych5bmp.live-website.com\/ueber\/#breadcrumb"},"inLanguage":"en-US","potentialAction":[{"@type":"ReadAction","target":["https:\/\/diedrichsen-unternehmensberatung-wkwych5bmp.live-website.com\/ueber\/"]}]},{"@type":"ImageObject","inLanguage":"en-US","@id":"https:\/\/diedrichsen-unternehmensberatung-wkwych5bmp.live-website.com\/ueber\/#primaryimage","url":"https:\/\/diedrichsen-consulting.com\/wp-content\/uploads\/2026\/02\/3be200cebc6dee77326d8060d4233fd20d6ee328.jpg","contentUrl":"https:\/\/diedrichsen-consulting.com\/wp-content\/uploads\/2026\/02\/3be200cebc6dee77326d8060d4233fd20d6ee328.jpg"},{"@type":"BreadcrumbList","@id":"https:\/\/diedrichsen-unternehmensberatung-wkwych5bmp.live-website.com\/ueber\/#breadcrumb","itemListElement":[{"@type":"ListItem","position":1,"name":"Start","item":"https:\/\/diedrichsen-consulting.com\/"},{"@type":"ListItem","position":2,"name":"\u00dcber"}]},{"@type":"WebSite","@id":"https:\/\/diedrichsen-unternehmensberatung-wkwych5bmp.live-website.com\/#website","url":"https:\/\/diedrichsen-unternehmensberatung-wkwych5bmp.live-website.com\/","name":"Diedrichsen Consulting","description":"Eine andere WordPress-Site.","potentialAction":[{"@type":"SearchAction","target":{"@type":"EntryPoint","urlTemplate":"https:\/\/diedrichsen-unternehmensberatung-wkwych5bmp.live-website.com\/?s={search_term_string}"},"query-input":{"@type":"PropertyValueSpecification","valueRequired":true,"valueName":"search_term_string"}}],"inLanguage":"en-US"}]}},"_links":{"self":[{"href":"https:\/\/diedrichsen-consulting.com\/en\/wp-json\/wp\/v2\/pages\/25","targetHints":{"allow":["GET"]}}],"collection":[{"href":"https:\/\/diedrichsen-consulting.com\/en\/wp-json\/wp\/v2\/pages"}],"about":[{"href":"https:\/\/diedrichsen-consulting.com\/en\/wp-json\/wp\/v2\/types\/page"}],"author":[{"embeddable":true,"href":"https:\/\/diedrichsen-consulting.com\/en\/wp-json\/wp\/v2\/users\/1"}],"replies":[{"embeddable":true,"href":"https:\/\/diedrichsen-consulting.com\/en\/wp-json\/wp\/v2\/comments?post=25"}],"version-history":[{"count":2,"href":"https:\/\/diedrichsen-consulting.com\/en\/wp-json\/wp\/v2\/pages\/25\/revisions"}],"predecessor-version":[{"id":100,"href":"https:\/\/diedrichsen-consulting.com\/en\/wp-json\/wp\/v2\/pages\/25\/revisions\/100"}],"wp:attachment":[{"href":"https:\/\/diedrichsen-consulting.com\/en\/wp-json\/wp\/v2\/media?parent=25"}],"curies":[{"name":"wp","href":"https:\/\/api.w.org\/{rel}","templated":true}]}}